{"id":27,"date":"2021-06-28T10:19:03","date_gmt":"2021-06-28T10:19:03","guid":{"rendered":"https:\/\/uodakhla.org\/fr\/?page_id=27"},"modified":"2021-12-09T09:27:47","modified_gmt":"2021-12-09T09:27:47","slug":"luniversite-ouverte-de-dakhla","status":"publish","type":"page","link":"https:\/\/uodakhla.org\/fr\/luniversite-ouverte-de-dakhla\/","title":{"rendered":"L\u2019Universit\u00e9 ouverte de Dakhla"},"content":{"rendered":"<div class=\"fusion-fullwidth fullwidth-box fusion-builder-row-1 fusion-flex-container nonhundred-percent-fullwidth non-hundred-percent-height-scrolling\" style=\"--awb-border-radius-top-left:0px;--awb-border-radius-top-right:0px;--awb-border-radius-bottom-right:0px;--awb-border-radius-bottom-left:0px;--awb-flex-wrap:wrap;\" ><div class=\"fusion-builder-row fusion-row fusion-flex-align-items-flex-start fusion-flex-content-wrap\" style=\"max-width:1248px;margin-left: calc(-4% \/ 2 );margin-right: calc(-4% \/ 2 );\"><div class=\"fusion-layout-column fusion_builder_column fusion-builder-column-0 fusion_builder_column_1_1 1_1 fusion-flex-column\" style=\"--awb-bg-size:cover;--awb-width-large:100%;--awb-margin-top-large:0px;--awb-spacing-right-large:1.92%;--awb-margin-bottom-large:20px;--awb-spacing-left-large:1.92%;--awb-width-medium:100%;--awb-order-medium:0;--awb-spacing-right-medium:1.92%;--awb-spacing-left-medium:1.92%;--awb-width-small:100%;--awb-order-small:0;--awb-spacing-right-small:1.92%;--awb-spacing-left-small:1.92%;\"><div class=\"fusion-column-wrapper fusion-column-has-shadow fusion-flex-justify-content-flex-start fusion-content-layout-column\"><div class=\"fusion-text fusion-text-1\" style=\"--awb-content-alignment:justify;\"><p style=\"text-align: center;\"><span style=\"color: #59ab56;\"><strong>\u00a0\u00a0<\/strong><strong>L\u2019UNIVERSITE OUVERTE DE DAKHLA \u00a0<\/strong><\/span><\/p>\n<p style=\"text-align: center;\"><span style=\"color: #59ab56;\"><strong>11 ann\u00e9es d\u2019\u00e9tudes et de recherches en terre Africaine<\/strong><\/span><\/p>\n<p><strong>\u00a0<\/strong>L\u2019Universit\u00e9 Ouverte de Dakhla (UOD) cr\u00e9\u00e9e en 2010 a pour mission de favoriser les \u00e9tudes et les recherches-actions dans les domaines du d\u00e9veloppement \u00e9conomique, social, environnemental et culturel. Ella a aussi l\u2019ambition de promouvoir le partenariat national et international entre les scientifiques, les chercheurs, les experts, les praticiens \u00a0et les organismes publics et priv\u00e9s, nationaux et internationaux dans les domaines pr\u00e9cit\u00e9s.<\/p>\n<p>A cet effet, l\u2019UOD organise des rencontres scientifiques nationales et internationales, des s\u00e9minaires, des journ\u00e9es d\u2019\u00e9tudes, des sessions de formation et des activit\u00e9s en liaison avec le d\u00e9veloppement \u00e9conomique, social, environnemental et culturel. Elle assure, \u00e9galement la publication des travaux issus des \u00e9tudes qu\u2019elle men\u00e9, des travaux d\u2019expertise qu\u2019elle pilote, des recherches qu\u2019elle parraine, des rencontres et des activit\u00e9s qu\u2019elle organise.<\/p>\n<p>Depuis sa cr\u00e9ation en 2010, l\u2019Universit\u00e9 ouverte de Dakhla a \u00e0 son actif 6 rencontres internationales regroupant plusieurs pays d\u2019Afrique, d\u2019Europe, d\u2019Asie et des Am\u00e9riques. Ces rencontres ont port\u00e9 sur une diversit\u00e9 de th\u00e9matiques correspondant toutes aux pr\u00e9occupations acad\u00e9miques du moment.<\/p>\n<p>L\u2019UOD est un v\u00e9ritable centre de recherche et de r\u00e9flexion strat\u00e9gique de par la qualit\u00e9 des experts internationaux qui animent ces rencontres, qui viennent des quatre coins du monde pour y assister, et qui contribuent \u00e0 ses publications. Elle offre, notamment \u00e0 l\u2019Afrique des opportunit\u00e9s rares pour am\u00e9liorer sa lisibilit\u00e9 dans le cadre de la Recherche pour les diff\u00e9rents acteurs membres et les diff\u00e9rentes structures impliqu\u00e9es dans ces intances.<\/p>\n<p>Par ailleurs, pour parvenir \u00e0 cet objectif, l\u2019UOD a suscit\u00e9 la cr\u00e9ation sous son \u00e9gide\u00a0\u00a0 du \u00ab\u00a0Forum Africain de Dakhla\u00a0\u00bb et \u00ab\u00a0du Forum des Associations Africains d\u2019Intelligence Economique\u00a0\u00bb (FAAIE).<\/p>\n<p>Ce dernier forum a parmi ses objectifs cl\u00e9s de\u00a0contribuer \u00e0 la promotion des pratiques de l\u2019intelligence \u00e9conomique en Afrique et de diffuser aupr\u00e8s des entreprises, des administrations, des territoires, des Universit\u00e9s et des centres de recherches la connaissance scientifique relative \u00e0 l\u2019intelligence \u00e9conomique.<\/p>\n<p>Il \u00a0permet, \u00e9galement, de servir de structure de\u00a0 veille \u00a0strat\u00e9gique pour l\u2019Afrique et ce en menant des \u00e9tudes et des recherches en intelligence \u00e9conomique pouvant contribuer \u00e0 \u00e9lever le niveau de formation, de qualification et d\u2019expertise des op\u00e9rateurs \u00e9conomiques, des acteurs institutionnels, des collectivit\u00e9s territoriales et des \u00e9tudiants du continent Africain en mati\u00e8re de bonnes pratiques de l\u2019intelligence \u00e9conomique strat\u00e9gique. Il entend, aussi, favoriser le transfert des savoirs et des savoir-faire entre les pays Africains et de d\u00e9velopper des partenariats entres les pays du continent en mati\u00e8re d\u2019intelligence \u00e9conomique et de veille strat\u00e9gique.<\/p>\n<p>Dans ce cadre, il a \u00e0 son actif deux publications importantes, une portant sur \u00ab\u00a0l\u2019intelligence \u00e9conomique en Afrique\u00a0\u00bb et une sur \u00ab\u00a0Prospective et dynamiques des territoires en Afrique\u00a0\u00bb.<\/p>\n<p>Par ailleurs, pour donner corps \u00e0 son activit\u00e9 de renforcement des capacit\u00e9s Africaines, un master international sp\u00e9cialis\u00e9 dans la fili\u00e8re\u00a0\u00ab\u00a0Intelligence \u00e9conomique et prospective des territoires\u00a0\u00bb a \u00e9t\u00e9 cr\u00e9e en 2021, en partenariat entre l\u2019Universit\u00e9 Ouverte de Dakhla,\u00a0 l\u2019Universit\u00e9 Ibn Zohr d\u2019Agadir et L\u2019Ecole Nationale de Commerce et de Gestion de Dakhla. Il est ouvert aux \u00e9tudiants de Dakhla et des autres Universit\u00e9s marocaines, ainsi qu\u2019aux \u00e9tudiants des pays membres du Forum des Associations Africaines d\u2019Intelligence Economique et \u00e0 ceux des pays du R\u00e9seau International de l\u2019Universit\u00e9 Ouverte de Dakhla.<\/p>\n<p>L\u2019ambition future de ce master est de faire de l\u2019Afrique un p\u00f4le international d\u2019excellence en mati\u00e8re de formation, de recherches-actions et de promotion des m\u00e9tiers d\u00e9di\u00e9s \u00e0 l\u2019intelligence \u00e9conomique et \u00e0 la prospective des territoires.<\/p>\n<p>Mais, l\u2019objectif strat\u00e9gique final de tout le travail qu\u2019effectue l\u2019Universit\u00e9 Ouverte de Dakhla est d\u2019\u00eatre une structure de recherches au service d\u2019un d\u00e9veloppement mutuel partag\u00e9 au sein d\u2019une Grande Zone Afrique-Europe- Atlantique et Asie par le Moyen Orient, o\u00f9 le continent Africain fera de <strong>\u00ab\u00a0la Route de Dakhla<\/strong>\u00a0\u00bb un axe pouvant peser demain dans le jeu complexe de la nouvelle g\u00e9o\u00e9conomie mondiale et un v\u00e9ritable\u00a0 hub international incontournable.<\/p>\n<\/div><\/div><\/div><\/div><\/div>\n","protected":false},"excerpt":{"rendered":"","protected":false},"author":1,"featured_media":0,"parent":0,"menu_order":0,"comment_status":"closed","ping_status":"closed","template":"","meta":{"footnotes":""},"class_list":["post-27","page","type-page","status-publish","hentry"],"yoast_head":"<!-- This site is optimized with the Yoast SEO Premium plugin v18.1 (Yoast SEO v27.4) - https:\/\/yoast.com\/product\/yoast-seo-premium-wordpress\/ -->\n<title>L\u2019Universit\u00e9 ouverte de Dakhla - Universit\u00e9 Ouverte de Dakhla<\/title>\n<meta name=\"robots\" content=\"index, follow, max-snippet:-1, max-image-preview:large, max-video-preview:-1\" \/>\n<link rel=\"canonical\" href=\"https:\/\/uodakhla.org\/fr\/luniversite-ouverte-de-dakhla\/\" \/>\n<meta property=\"og:locale\" content=\"fr_FR\" \/>\n<meta property=\"og:type\" content=\"article\" \/>\n<meta property=\"og:title\" content=\"L\u2019Universit\u00e9 ouverte de Dakhla\" \/>\n<meta property=\"og:url\" content=\"https:\/\/uodakhla.org\/fr\/luniversite-ouverte-de-dakhla\/\" \/>\n<meta property=\"og:site_name\" content=\"Universit\u00e9 Ouverte de Dakhla\" \/>\n<meta property=\"article:modified_time\" content=\"2021-12-09T09:27:47+00:00\" \/>\n<meta name=\"twitter:card\" content=\"summary_large_image\" \/>\n<meta name=\"twitter:label1\" content=\"Dur\u00e9e de lecture estim\u00e9e\" \/>\n\t<meta name=\"twitter:data1\" content=\"7 minutes\" \/>\n<script type=\"application\/ld+json\" class=\"yoast-schema-graph\">{\"@context\":\"https:\\\/\\\/schema.org\",\"@graph\":[{\"@type\":\"WebPage\",\"@id\":\"https:\\\/\\\/uodakhla.org\\\/fr\\\/luniversite-ouverte-de-dakhla\\\/\",\"url\":\"https:\\\/\\\/uodakhla.org\\\/fr\\\/luniversite-ouverte-de-dakhla\\\/\",\"name\":\"L\u2019Universit\u00e9 ouverte de Dakhla - Universit\u00e9 Ouverte de Dakhla\",\"isPartOf\":{\"@id\":\"https:\\\/\\\/uodakhla.org\\\/fr\\\/#website\"},\"datePublished\":\"2021-06-28T10:19:03+00:00\",\"dateModified\":\"2021-12-09T09:27:47+00:00\",\"breadcrumb\":{\"@id\":\"https:\\\/\\\/uodakhla.org\\\/fr\\\/luniversite-ouverte-de-dakhla\\\/#breadcrumb\"},\"inLanguage\":\"fr-FR\",\"potentialAction\":[{\"@type\":\"ReadAction\",\"target\":[\"https:\\\/\\\/uodakhla.org\\\/fr\\\/luniversite-ouverte-de-dakhla\\\/\"]}]},{\"@type\":\"BreadcrumbList\",\"@id\":\"https:\\\/\\\/uodakhla.org\\\/fr\\\/luniversite-ouverte-de-dakhla\\\/#breadcrumb\",\"itemListElement\":[{\"@type\":\"ListItem\",\"position\":1,\"name\":\"Accueil\",\"item\":\"https:\\\/\\\/uodakhla.org\\\/fr\\\/\"},{\"@type\":\"ListItem\",\"position\":2,\"name\":\"L\u2019Universit\u00e9 ouverte de Dakhla\"}]},{\"@type\":\"WebSite\",\"@id\":\"https:\\\/\\\/uodakhla.org\\\/fr\\\/#website\",\"url\":\"https:\\\/\\\/uodakhla.org\\\/fr\\\/\",\"name\":\"Universit\u00e9 Ouverte de Dakhla\",\"description\":\"Universit\u00e9 Ouverte de Dakhla\",\"publisher\":{\"@id\":\"https:\\\/\\\/uodakhla.org\\\/fr\\\/#organization\"},\"potentialAction\":[{\"@type\":\"SearchAction\",\"target\":{\"@type\":\"EntryPoint\",\"urlTemplate\":\"https:\\\/\\\/uodakhla.org\\\/fr\\\/?s={search_term_string}\"},\"query-input\":{\"@type\":\"PropertyValueSpecification\",\"valueRequired\":true,\"valueName\":\"search_term_string\"}}],\"inLanguage\":\"fr-FR\"},{\"@type\":\"Organization\",\"@id\":\"https:\\\/\\\/uodakhla.org\\\/fr\\\/#organization\",\"name\":\"Universit\u00e9 Ouverte de Dakhla\",\"url\":\"https:\\\/\\\/uodakhla.org\\\/fr\\\/\",\"logo\":{\"@type\":\"ImageObject\",\"inLanguage\":\"fr-FR\",\"@id\":\"https:\\\/\\\/uodakhla.org\\\/fr\\\/#\\\/schema\\\/logo\\\/image\\\/\",\"url\":\"https:\\\/\\\/uodakhla.org\\\/fr\\\/wp-content\\\/uploads\\\/2021\\\/07\\\/UOD-logo-_expanded.jpg\",\"contentUrl\":\"https:\\\/\\\/uodakhla.org\\\/fr\\\/wp-content\\\/uploads\\\/2021\\\/07\\\/UOD-logo-_expanded.jpg\",\"width\":894,\"height\":904,\"caption\":\"Universit\u00e9 Ouverte de Dakhla\"},\"image\":{\"@id\":\"https:\\\/\\\/uodakhla.org\\\/fr\\\/#\\\/schema\\\/logo\\\/image\\\/\"}}]}<\/script>\n<!-- \/ Yoast SEO Premium plugin. -->","yoast_head_json":{"title":"L\u2019Universit\u00e9 ouverte de Dakhla - Universit\u00e9 Ouverte de Dakhla","robots":{"index":"index","follow":"follow","max-snippet":"max-snippet:-1","max-image-preview":"max-image-preview:large","max-video-preview":"max-video-preview:-1"},"canonical":"https:\/\/uodakhla.org\/fr\/luniversite-ouverte-de-dakhla\/","og_locale":"fr_FR","og_type":"article","og_title":"L\u2019Universit\u00e9 ouverte de Dakhla","og_url":"https:\/\/uodakhla.org\/fr\/luniversite-ouverte-de-dakhla\/","og_site_name":"Universit\u00e9 Ouverte de Dakhla","article_modified_time":"2021-12-09T09:27:47+00:00","twitter_card":"summary_large_image","twitter_misc":{"Dur\u00e9e de lecture estim\u00e9e":"7 minutes"},"schema":{"@context":"https:\/\/schema.org","@graph":[{"@type":"WebPage","@id":"https:\/\/uodakhla.org\/fr\/luniversite-ouverte-de-dakhla\/","url":"https:\/\/uodakhla.org\/fr\/luniversite-ouverte-de-dakhla\/","name":"L\u2019Universit\u00e9 ouverte de Dakhla - Universit\u00e9 Ouverte de Dakhla","isPartOf":{"@id":"https:\/\/uodakhla.org\/fr\/#website"},"datePublished":"2021-06-28T10:19:03+00:00","dateModified":"2021-12-09T09:27:47+00:00","breadcrumb":{"@id":"https:\/\/uodakhla.org\/fr\/luniversite-ouverte-de-dakhla\/#breadcrumb"},"inLanguage":"fr-FR","potentialAction":[{"@type":"ReadAction","target":["https:\/\/uodakhla.org\/fr\/luniversite-ouverte-de-dakhla\/"]}]},{"@type":"BreadcrumbList","@id":"https:\/\/uodakhla.org\/fr\/luniversite-ouverte-de-dakhla\/#breadcrumb","itemListElement":[{"@type":"ListItem","position":1,"name":"Accueil","item":"https:\/\/uodakhla.org\/fr\/"},{"@type":"ListItem","position":2,"name":"L\u2019Universit\u00e9 ouverte de Dakhla"}]},{"@type":"WebSite","@id":"https:\/\/uodakhla.org\/fr\/#website","url":"https:\/\/uodakhla.org\/fr\/","name":"Universit\u00e9 Ouverte de Dakhla","description":"Universit\u00e9 Ouverte de Dakhla","publisher":{"@id":"https:\/\/uodakhla.org\/fr\/#organization"},"potentialAction":[{"@type":"SearchAction","target":{"@type":"EntryPoint","urlTemplate":"https:\/\/uodakhla.org\/fr\/?s={search_term_string}"},"query-input":{"@type":"PropertyValueSpecification","valueRequired":true,"valueName":"search_term_string"}}],"inLanguage":"fr-FR"},{"@type":"Organization","@id":"https:\/\/uodakhla.org\/fr\/#organization","name":"Universit\u00e9 Ouverte de Dakhla","url":"https:\/\/uodakhla.org\/fr\/","logo":{"@type":"ImageObject","inLanguage":"fr-FR","@id":"https:\/\/uodakhla.org\/fr\/#\/schema\/logo\/image\/","url":"https:\/\/uodakhla.org\/fr\/wp-content\/uploads\/2021\/07\/UOD-logo-_expanded.jpg","contentUrl":"https:\/\/uodakhla.org\/fr\/wp-content\/uploads\/2021\/07\/UOD-logo-_expanded.jpg","width":894,"height":904,"caption":"Universit\u00e9 Ouverte de Dakhla"},"image":{"@id":"https:\/\/uodakhla.org\/fr\/#\/schema\/logo\/image\/"}}]}},"_links":{"self":[{"href":"https:\/\/uodakhla.org\/fr\/wp-json\/wp\/v2\/pages\/27","targetHints":{"allow":["GET"]}}],"collection":[{"href":"https:\/\/uodakhla.org\/fr\/wp-json\/wp\/v2\/pages"}],"about":[{"href":"https:\/\/uodakhla.org\/fr\/wp-json\/wp\/v2\/types\/page"}],"author":[{"embeddable":true,"href":"https:\/\/uodakhla.org\/fr\/wp-json\/wp\/v2\/users\/1"}],"replies":[{"embeddable":true,"href":"https:\/\/uodakhla.org\/fr\/wp-json\/wp\/v2\/comments?post=27"}],"version-history":[{"count":9,"href":"https:\/\/uodakhla.org\/fr\/wp-json\/wp\/v2\/pages\/27\/revisions"}],"predecessor-version":[{"id":345,"href":"https:\/\/uodakhla.org\/fr\/wp-json\/wp\/v2\/pages\/27\/revisions\/345"}],"wp:attachment":[{"href":"https:\/\/uodakhla.org\/fr\/wp-json\/wp\/v2\/media?parent=27"}],"curies":[{"name":"wp","href":"https:\/\/api.w.org\/{rel}","templated":true}]}}