{"id":30,"date":"2021-06-28T10:19:25","date_gmt":"2021-06-28T10:19:25","guid":{"rendered":"https:\/\/uodakhla.org\/fr\/?page_id=30"},"modified":"2021-12-09T09:22:11","modified_gmt":"2021-12-09T09:22:11","slug":"mot-du-president","status":"publish","type":"page","link":"https:\/\/uodakhla.org\/fr\/mot-du-president\/","title":{"rendered":"Mot du Pr\u00e9sident"},"content":{"rendered":"<div class=\"fusion-fullwidth fullwidth-box fusion-builder-row-1 fusion-flex-container nonhundred-percent-fullwidth non-hundred-percent-height-scrolling\" style=\"--awb-border-radius-top-left:0px;--awb-border-radius-top-right:0px;--awb-border-radius-bottom-right:0px;--awb-border-radius-bottom-left:0px;--awb-flex-wrap:wrap;\" ><div class=\"fusion-builder-row fusion-row fusion-flex-align-items-flex-start fusion-flex-content-wrap\" style=\"max-width:1248px;margin-left: calc(-4% \/ 2 );margin-right: calc(-4% \/ 2 );\"><div class=\"fusion-layout-column fusion_builder_column fusion-builder-column-0 fusion_builder_column_1_1 1_1 fusion-flex-column\" style=\"--awb-bg-size:cover;--awb-width-large:100%;--awb-margin-top-large:0px;--awb-spacing-right-large:1.92%;--awb-margin-bottom-large:0px;--awb-spacing-left-large:1.92%;--awb-width-medium:100%;--awb-spacing-right-medium:1.92%;--awb-spacing-left-medium:1.92%;--awb-width-small:100%;--awb-spacing-right-small:1.92%;--awb-spacing-left-small:1.92%;\"><div class=\"fusion-column-wrapper fusion-flex-justify-content-flex-start fusion-content-layout-column\"><div class=\"fusion-text fusion-text-1\" style=\"--awb-content-alignment:justify;\"><p>Depuis sa cr\u00e9ation en 2010, l\u2019Universit\u00e9 ouverte de Dakhla a veiller \u00e0 s\u2019\u00e9riger en un espace de recherches partag\u00e9es et de r\u00e9flexion strat\u00e9gique \u00e0 travers le \u00ab\u00a0Forum Africain de Dakhla\u00a0\u00bb(le FAD) et le \u00ab\u00a0Forum des Associations Africaines d\u2019Intelligence Economique\u00a0\u00bb (FAAIE) mis en place sous l\u2019\u00e9gide de l\u2019Association d\u2019Etudes et de Recherches pour le D\u00e9veloppement , ayant un statut Consultatif Sp\u00e9cial aupr\u00e8s du Conseil Economique et Social des Nations Unies.<\/p>\n<p>Le FAAIE vise \u00e0 promouvoir les bonnes pratiques de l\u2019intelligence \u00e9conomique en Afrique et \u00e0 diffuser aupr\u00e8s des entreprises, des administrations, des territoires, des Universit\u00e9s et des centres de recherches, la connaissance scientifique relative \u00e0 l\u2019intelligence \u00e9conomique strat\u00e9gique et \u00e0 la prospective des territoires.<\/p>\n<p>Quant au FAD il est devenu un v\u00e9ritable \u00ab\u00a0incubateur Monde\u00a0\u00bb au service des valeurs communes port\u00e9es par plus de 150 experts, professeurs et chercheurs, membres du R\u00e9seau de l\u2019Universit\u00e9 Ouverte de Dakhla\u00a0repr\u00e9sentants les cinq continents de notre plan\u00e8te.<\/p>\n<p>L\u2019ambition future est de notre r\u00e9seau est de faire de l\u2019Afrique un p\u00f4le international d\u2019excellence en mati\u00e8re de formation et de promotion des m\u00e9tiers d\u00e9di\u00e9s \u00e0 l\u2019intelligence \u00e9conomique et \u00e0 la prospective des territoires et de hisser l\u2019Universit\u00e9 Ouverte de Dakhla \u00a0au rang de Centre de recherche au service d\u2019un d\u00e9veloppement mutuel au sein d\u2019une Grande Zone Afrique-Europe-Atlantique-Moyen Orient, o\u00f9 le continent Africain fera de <strong>\u00ab\u00a0la Route de Dakhla<\/strong>\u00a0\u00bb dans quelques ann\u00e9es un axe pouvant peser demain dans le jeu complexe de la nouvelle g\u00e9o\u00e9conomie mondiale et un v\u00e9ritable\u00a0 hub international incontournable.<\/p>\n<\/div><\/div><\/div><\/div><\/div>\n","protected":false},"excerpt":{"rendered":"","protected":false},"author":1,"featured_media":0,"parent":0,"menu_order":0,"comment_status":"closed","ping_status":"closed","template":"","meta":{"footnotes":""},"class_list":["post-30","page","type-page","status-publish","hentry"],"yoast_head":"<!-- This site is optimized with the Yoast SEO Premium plugin v18.1 (Yoast SEO v27.2) - https:\/\/yoast.com\/product\/yoast-seo-premium-wordpress\/ -->\n<title>Mot du Pr\u00e9sident - Universit\u00e9 Ouverte de Dakhla<\/title>\n<meta name=\"robots\" content=\"index, follow, max-snippet:-1, max-image-preview:large, max-video-preview:-1\" \/>\n<link rel=\"canonical\" href=\"https:\/\/uodakhla.org\/fr\/mot-du-president\/\" \/>\n<meta property=\"og:locale\" content=\"fr_FR\" \/>\n<meta property=\"og:type\" content=\"article\" \/>\n<meta property=\"og:title\" content=\"Mot du Pr\u00e9sident\" \/>\n<meta property=\"og:url\" content=\"https:\/\/uodakhla.org\/fr\/mot-du-president\/\" \/>\n<meta property=\"og:site_name\" content=\"Universit\u00e9 Ouverte de Dakhla\" \/>\n<meta property=\"article:modified_time\" content=\"2021-12-09T09:22:11+00:00\" \/>\n<meta name=\"twitter:card\" content=\"summary_large_image\" \/>\n<meta name=\"twitter:label1\" content=\"Dur\u00e9e de lecture estim\u00e9e\" \/>\n\t<meta name=\"twitter:data1\" content=\"3 minutes\" \/>\n<script type=\"application\/ld+json\" class=\"yoast-schema-graph\">{\"@context\":\"https:\/\/schema.org\",\"@graph\":[{\"@type\":\"WebPage\",\"@id\":\"https:\/\/uodakhla.org\/fr\/mot-du-president\/\",\"url\":\"https:\/\/uodakhla.org\/fr\/mot-du-president\/\",\"name\":\"Mot du Pr\u00e9sident - Universit\u00e9 Ouverte de Dakhla\",\"isPartOf\":{\"@id\":\"https:\/\/uodakhla.org\/fr\/#website\"},\"datePublished\":\"2021-06-28T10:19:25+00:00\",\"dateModified\":\"2021-12-09T09:22:11+00:00\",\"breadcrumb\":{\"@id\":\"https:\/\/uodakhla.org\/fr\/mot-du-president\/#breadcrumb\"},\"inLanguage\":\"fr-FR\",\"potentialAction\":[{\"@type\":\"ReadAction\",\"target\":[\"https:\/\/uodakhla.org\/fr\/mot-du-president\/\"]}]},{\"@type\":\"BreadcrumbList\",\"@id\":\"https:\/\/uodakhla.org\/fr\/mot-du-president\/#breadcrumb\",\"itemListElement\":[{\"@type\":\"ListItem\",\"position\":1,\"name\":\"Accueil\",\"item\":\"https:\/\/uodakhla.org\/fr\/\"},{\"@type\":\"ListItem\",\"position\":2,\"name\":\"Mot du Pr\u00e9sident\"}]},{\"@type\":\"WebSite\",\"@id\":\"https:\/\/uodakhla.org\/fr\/#website\",\"url\":\"https:\/\/uodakhla.org\/fr\/\",\"name\":\"Universit\u00e9 Ouverte de Dakhla\",\"description\":\"Universit\u00e9 Ouverte de Dakhla\",\"publisher\":{\"@id\":\"https:\/\/uodakhla.org\/fr\/#organization\"},\"potentialAction\":[{\"@type\":\"SearchAction\",\"target\":{\"@type\":\"EntryPoint\",\"urlTemplate\":\"https:\/\/uodakhla.org\/fr\/?s={search_term_string}\"},\"query-input\":{\"@type\":\"PropertyValueSpecification\",\"valueRequired\":true,\"valueName\":\"search_term_string\"}}],\"inLanguage\":\"fr-FR\"},{\"@type\":\"Organization\",\"@id\":\"https:\/\/uodakhla.org\/fr\/#organization\",\"name\":\"Universit\u00e9 Ouverte de Dakhla\",\"url\":\"https:\/\/uodakhla.org\/fr\/\",\"logo\":{\"@type\":\"ImageObject\",\"inLanguage\":\"fr-FR\",\"@id\":\"https:\/\/uodakhla.org\/fr\/#\/schema\/logo\/image\/\",\"url\":\"https:\/\/uodakhla.org\/fr\/wp-content\/uploads\/2021\/07\/UOD-logo-_expanded.jpg\",\"contentUrl\":\"https:\/\/uodakhla.org\/fr\/wp-content\/uploads\/2021\/07\/UOD-logo-_expanded.jpg\",\"width\":894,\"height\":904,\"caption\":\"Universit\u00e9 Ouverte de Dakhla\"},\"image\":{\"@id\":\"https:\/\/uodakhla.org\/fr\/#\/schema\/logo\/image\/\"}}]}<\/script>\n<!-- \/ Yoast SEO Premium plugin. -->","yoast_head_json":{"title":"Mot du Pr\u00e9sident - Universit\u00e9 Ouverte de Dakhla","robots":{"index":"index","follow":"follow","max-snippet":"max-snippet:-1","max-image-preview":"max-image-preview:large","max-video-preview":"max-video-preview:-1"},"canonical":"https:\/\/uodakhla.org\/fr\/mot-du-president\/","og_locale":"fr_FR","og_type":"article","og_title":"Mot du Pr\u00e9sident","og_url":"https:\/\/uodakhla.org\/fr\/mot-du-president\/","og_site_name":"Universit\u00e9 Ouverte de Dakhla","article_modified_time":"2021-12-09T09:22:11+00:00","twitter_card":"summary_large_image","twitter_misc":{"Dur\u00e9e de lecture estim\u00e9e":"3 minutes"},"schema":{"@context":"https:\/\/schema.org","@graph":[{"@type":"WebPage","@id":"https:\/\/uodakhla.org\/fr\/mot-du-president\/","url":"https:\/\/uodakhla.org\/fr\/mot-du-president\/","name":"Mot du Pr\u00e9sident - Universit\u00e9 Ouverte de Dakhla","isPartOf":{"@id":"https:\/\/uodakhla.org\/fr\/#website"},"datePublished":"2021-06-28T10:19:25+00:00","dateModified":"2021-12-09T09:22:11+00:00","breadcrumb":{"@id":"https:\/\/uodakhla.org\/fr\/mot-du-president\/#breadcrumb"},"inLanguage":"fr-FR","potentialAction":[{"@type":"ReadAction","target":["https:\/\/uodakhla.org\/fr\/mot-du-president\/"]}]},{"@type":"BreadcrumbList","@id":"https:\/\/uodakhla.org\/fr\/mot-du-president\/#breadcrumb","itemListElement":[{"@type":"ListItem","position":1,"name":"Accueil","item":"https:\/\/uodakhla.org\/fr\/"},{"@type":"ListItem","position":2,"name":"Mot du Pr\u00e9sident"}]},{"@type":"WebSite","@id":"https:\/\/uodakhla.org\/fr\/#website","url":"https:\/\/uodakhla.org\/fr\/","name":"Universit\u00e9 Ouverte de Dakhla","description":"Universit\u00e9 Ouverte de Dakhla","publisher":{"@id":"https:\/\/uodakhla.org\/fr\/#organization"},"potentialAction":[{"@type":"SearchAction","target":{"@type":"EntryPoint","urlTemplate":"https:\/\/uodakhla.org\/fr\/?s={search_term_string}"},"query-input":{"@type":"PropertyValueSpecification","valueRequired":true,"valueName":"search_term_string"}}],"inLanguage":"fr-FR"},{"@type":"Organization","@id":"https:\/\/uodakhla.org\/fr\/#organization","name":"Universit\u00e9 Ouverte de Dakhla","url":"https:\/\/uodakhla.org\/fr\/","logo":{"@type":"ImageObject","inLanguage":"fr-FR","@id":"https:\/\/uodakhla.org\/fr\/#\/schema\/logo\/image\/","url":"https:\/\/uodakhla.org\/fr\/wp-content\/uploads\/2021\/07\/UOD-logo-_expanded.jpg","contentUrl":"https:\/\/uodakhla.org\/fr\/wp-content\/uploads\/2021\/07\/UOD-logo-_expanded.jpg","width":894,"height":904,"caption":"Universit\u00e9 Ouverte de Dakhla"},"image":{"@id":"https:\/\/uodakhla.org\/fr\/#\/schema\/logo\/image\/"}}]}},"_links":{"self":[{"href":"https:\/\/uodakhla.org\/fr\/wp-json\/wp\/v2\/pages\/30","targetHints":{"allow":["GET"]}}],"collection":[{"href":"https:\/\/uodakhla.org\/fr\/wp-json\/wp\/v2\/pages"}],"about":[{"href":"https:\/\/uodakhla.org\/fr\/wp-json\/wp\/v2\/types\/page"}],"author":[{"embeddable":true,"href":"https:\/\/uodakhla.org\/fr\/wp-json\/wp\/v2\/users\/1"}],"replies":[{"embeddable":true,"href":"https:\/\/uodakhla.org\/fr\/wp-json\/wp\/v2\/comments?post=30"}],"version-history":[{"count":4,"href":"https:\/\/uodakhla.org\/fr\/wp-json\/wp\/v2\/pages\/30\/revisions"}],"predecessor-version":[{"id":254,"href":"https:\/\/uodakhla.org\/fr\/wp-json\/wp\/v2\/pages\/30\/revisions\/254"}],"wp:attachment":[{"href":"https:\/\/uodakhla.org\/fr\/wp-json\/wp\/v2\/media?parent=30"}],"curies":[{"name":"wp","href":"https:\/\/api.w.org\/{rel}","templated":true}]}}