{"id":42,"date":"2021-06-28T10:21:06","date_gmt":"2021-06-28T10:21:06","guid":{"rendered":"https:\/\/uodakhla.org\/fr\/?page_id=42"},"modified":"2021-12-09T09:47:18","modified_gmt":"2021-12-09T09:47:18","slug":"master-international-sur-lie-et-la-prospective","status":"publish","type":"page","link":"https:\/\/uodakhla.org\/fr\/master-international-sur-lie-et-la-prospective\/","title":{"rendered":"Master international sur l\u2019IE et la prospective"},"content":{"rendered":"<div class=\"fusion-fullwidth fullwidth-box fusion-builder-row-1 fusion-flex-container nonhundred-percent-fullwidth non-hundred-percent-height-scrolling\" style=\"--awb-border-radius-top-left:0px;--awb-border-radius-top-right:0px;--awb-border-radius-bottom-right:0px;--awb-border-radius-bottom-left:0px;--awb-flex-wrap:wrap;\" ><div class=\"fusion-builder-row fusion-row fusion-flex-align-items-flex-start fusion-flex-content-wrap\" style=\"max-width:1248px;margin-left: calc(-4% \/ 2 );margin-right: calc(-4% \/ 2 );\"><div class=\"fusion-layout-column fusion_builder_column fusion-builder-column-0 fusion_builder_column_1_1 1_1 fusion-flex-column\" style=\"--awb-bg-size:cover;--awb-width-large:100%;--awb-margin-top-large:0px;--awb-spacing-right-large:1.92%;--awb-margin-bottom-large:0px;--awb-spacing-left-large:1.92%;--awb-width-medium:100%;--awb-spacing-right-medium:1.92%;--awb-spacing-left-medium:1.92%;--awb-width-small:100%;--awb-spacing-right-small:1.92%;--awb-spacing-left-small:1.92%;\"><div class=\"fusion-column-wrapper fusion-flex-justify-content-flex-start fusion-content-layout-column\"><div class=\"fusion-text fusion-text-1\"><p><img decoding=\"async\" class=\"wp-image-182 aligncenter\" src=\"https:\/\/uodakhla.org\/fr\/wp-content\/uploads\/2021\/07\/Panorama-Master-IE-min-11-300x70.png\" alt=\"\" width=\"831\" height=\"194\" srcset=\"https:\/\/uodakhla.org\/fr\/wp-content\/uploads\/2021\/07\/Panorama-Master-IE-min-11-200x47.png 200w, https:\/\/uodakhla.org\/fr\/wp-content\/uploads\/2021\/07\/Panorama-Master-IE-min-11-300x70.png 300w, https:\/\/uodakhla.org\/fr\/wp-content\/uploads\/2021\/07\/Panorama-Master-IE-min-11-400x93.png 400w, https:\/\/uodakhla.org\/fr\/wp-content\/uploads\/2021\/07\/Panorama-Master-IE-min-11-600x140.png 600w, https:\/\/uodakhla.org\/fr\/wp-content\/uploads\/2021\/07\/Panorama-Master-IE-min-11-768x179.png 768w, https:\/\/uodakhla.org\/fr\/wp-content\/uploads\/2021\/07\/Panorama-Master-IE-min-11-800x186.png 800w, https:\/\/uodakhla.org\/fr\/wp-content\/uploads\/2021\/07\/Panorama-Master-IE-min-11-1024x238.png 1024w, https:\/\/uodakhla.org\/fr\/wp-content\/uploads\/2021\/07\/Panorama-Master-IE-min-11-1200x279.png 1200w, https:\/\/uodakhla.org\/fr\/wp-content\/uploads\/2021\/07\/Panorama-Master-IE-min-11-1536x357.png 1536w, https:\/\/uodakhla.org\/fr\/wp-content\/uploads\/2021\/07\/Panorama-Master-IE-min-11.png 1600w\" sizes=\"(max-width: 831px) 100vw, 831px\" \/><\/p>\n<\/div><div class=\"fusion-text fusion-text-2\" style=\"--awb-content-alignment:justify;\"><p>La cr\u00e9ation conjointe \u00e0 Dakhla par I&rsquo;ENCG de Dakhla et l&rsquo;Universit\u00e9 Ouverte de Dakhla, au titre de l&rsquo;ann\u00e9e universitaire 2020-2021 d&rsquo;un Master International intitul\u00e9 : \u00ab Intelligence Economique et Prospective des Territoires \u00bb (IEPT) au profit des \u00e9tudiants de l&rsquo;Ecole Nationale de Commerce et de Gestion de Dakhla, des \u00e9tudiants des autres Universit\u00e9s et \u00e9tablissements d&rsquo;enseignement sup\u00e9rieur du Maroc, d&rsquo;Afrique et des pays membres du R\u00e9seau International de l&rsquo;Universit\u00e9 Ouverte de Dakhla suivant la r\u00e9glementation en vigueur ,<\/p>\n<p>L&rsquo;organisation de stages \u00e0 Dakhla, dans les autres r\u00e9gions du Maroc, et \u00e0 l&rsquo;\u00e9chelle internationale au profit des laur\u00e9ats du Master IEPT poursuivant leurs formations dans le cadre de ce Master , \u00a0l&rsquo;\u00e9change de documents, de rapports et de publications entre les deux organisations en rapport avec le contenu de ce Master ; \u00a0la r\u00e9alisation de projets de recherches-actions ayant pour objet le d\u00e9veloppement des bonnes pratiques de l&rsquo;intelligence \u00e9conomique et de la prospective des territoires au profit de la Ville et de La R\u00e9gion de Dakhla Oued Eddahab, des autres r\u00e9gions du Maroc, du continent Africain et dans les territoires des pays membres du R\u00e9seau International de I&rsquo;UOD;<\/p>\n<ul>\n<li>Initier et d\u00e9velopper des programmes de renforcement des capacit\u00e9s des enseignants et de I&rsquo;ENCG de Dakhla en intelligence \u00e9conomique, veille strat\u00e9gique et prospective des territoires ;<\/li>\n<li>\u0152uvrer \u00e0 la cr\u00e9ation d&rsquo;une formation doctorale pour i) initier et d\u00e9velopper des recherches, des \u00e9tudes, du conseil et de l&rsquo;expertise en intelligence \u00e9conomique et prospective des territoires, \u00fc) encadrer les Doctorants et les chercheurs de I&rsquo;ENCGD et I&rsquo;UOD ;<\/li>\n<li>Assurer la co-production et la publication conjointes des travaux (livres, de rapports, \u00e9tudes) en intelligence \u00e9conomique et prospective des territoires ,<\/li>\n<li>Organisation d&rsquo;ateliers de travail, de sessions de formations continues et permanentes, de s\u00e9minaires locaux, r\u00e9gionaux, nationaux, continentaux et internationaux d\u00e9di\u00e9es \u00e0 l&rsquo;objet du Master IEPT;<\/li>\n<li>Associer les forces et les moyens humains et mat\u00e9riels de I&rsquo;UOD et de I&rsquo;ENCGD pour faire de Dakhla un p\u00f4le d&rsquo;excellence international et un Centre Mondial de r\u00e9f\u00e9rence en intelligence \u00e9conomique et prospective des territoires.<\/li>\n<li>D\u00e9velopper des partenariats locaux, r\u00e9gionaux, nationaux, continentaux et internationaux, gouvernementaux et non gouvernementaux, public et priv\u00e9s pouvant contribuer \u00e0 r\u00e9aliser cet objectif strat\u00e9gique.<\/li>\n<\/ul>\n<\/div><div class=\"fusion-video fusion-youtube\" style=\"--awb-max-width:600px;--awb-max-height:360px;--awb-align-self:center;--awb-width:100%;\"><div class=\"video-shortcode\"><div class=\"fluid-width-video-wrapper\" style=\"padding-top:60%;\" ><iframe title=\"YouTube video player 1\" src=\"https:\/\/www.youtube.com\/embed\/VKn6-x6LgpU?wmode=transparent&autoplay=0\" width=\"600\" height=\"360\" allowfullscreen allow=\"autoplay; clipboard-write; encrypted-media; gyroscope; picture-in-picture;\"><\/iframe><\/div><\/div><\/div><\/div><\/div><\/div><\/div>\n","protected":false},"excerpt":{"rendered":"","protected":false},"author":1,"featured_media":0,"parent":0,"menu_order":0,"comment_status":"closed","ping_status":"closed","template":"","meta":{"footnotes":""},"class_list":["post-42","page","type-page","status-publish","hentry"],"yoast_head":"<!-- This site is optimized with the Yoast SEO Premium plugin v18.1 (Yoast SEO v27.5) - https:\/\/yoast.com\/product\/yoast-seo-premium-wordpress\/ -->\n<title>Master international sur l\u2019IE et la prospective - Universit\u00e9 Ouverte de Dakhla<\/title>\n<meta name=\"robots\" content=\"index, follow, max-snippet:-1, max-image-preview:large, max-video-preview:-1\" \/>\n<link rel=\"canonical\" href=\"https:\/\/uodakhla.org\/fr\/master-international-sur-lie-et-la-prospective\/\" \/>\n<meta property=\"og:locale\" content=\"fr_FR\" \/>\n<meta property=\"og:type\" content=\"article\" \/>\n<meta property=\"og:title\" content=\"Master international sur l\u2019IE et la prospective\" \/>\n<meta property=\"og:url\" content=\"https:\/\/uodakhla.org\/fr\/master-international-sur-lie-et-la-prospective\/\" \/>\n<meta property=\"og:site_name\" content=\"Universit\u00e9 Ouverte de Dakhla\" \/>\n<meta property=\"article:modified_time\" content=\"2021-12-09T09:47:18+00:00\" \/>\n<meta property=\"og:image\" content=\"https:\/\/uodakhla.org\/fr\/wp-content\/uploads\/2021\/07\/Panorama-Master-IE-min-11-300x70.png\" \/>\n<meta name=\"twitter:card\" content=\"summary_large_image\" \/>\n<meta name=\"twitter:label1\" content=\"Dur\u00e9e de lecture estim\u00e9e\" \/>\n\t<meta name=\"twitter:data1\" content=\"4 minutes\" \/>\n<script type=\"application\/ld+json\" class=\"yoast-schema-graph\">{\"@context\":\"https:\\\/\\\/schema.org\",\"@graph\":[{\"@type\":\"WebPage\",\"@id\":\"https:\\\/\\\/uodakhla.org\\\/fr\\\/master-international-sur-lie-et-la-prospective\\\/\",\"url\":\"https:\\\/\\\/uodakhla.org\\\/fr\\\/master-international-sur-lie-et-la-prospective\\\/\",\"name\":\"Master international sur l\u2019IE et la prospective - Universit\u00e9 Ouverte de Dakhla\",\"isPartOf\":{\"@id\":\"https:\\\/\\\/uodakhla.org\\\/fr\\\/#website\"},\"primaryImageOfPage\":{\"@id\":\"https:\\\/\\\/uodakhla.org\\\/fr\\\/master-international-sur-lie-et-la-prospective\\\/#primaryimage\"},\"image\":{\"@id\":\"https:\\\/\\\/uodakhla.org\\\/fr\\\/master-international-sur-lie-et-la-prospective\\\/#primaryimage\"},\"thumbnailUrl\":\"https:\\\/\\\/uodakhla.org\\\/fr\\\/wp-content\\\/uploads\\\/2021\\\/07\\\/Panorama-Master-IE-min-11-300x70.png\",\"datePublished\":\"2021-06-28T10:21:06+00:00\",\"dateModified\":\"2021-12-09T09:47:18+00:00\",\"breadcrumb\":{\"@id\":\"https:\\\/\\\/uodakhla.org\\\/fr\\\/master-international-sur-lie-et-la-prospective\\\/#breadcrumb\"},\"inLanguage\":\"fr-FR\",\"potentialAction\":[{\"@type\":\"ReadAction\",\"target\":[\"https:\\\/\\\/uodakhla.org\\\/fr\\\/master-international-sur-lie-et-la-prospective\\\/\"]}]},{\"@type\":\"ImageObject\",\"inLanguage\":\"fr-FR\",\"@id\":\"https:\\\/\\\/uodakhla.org\\\/fr\\\/master-international-sur-lie-et-la-prospective\\\/#primaryimage\",\"url\":\"https:\\\/\\\/uodakhla.org\\\/fr\\\/wp-content\\\/uploads\\\/2021\\\/07\\\/Panorama-Master-IE-min-11.png\",\"contentUrl\":\"https:\\\/\\\/uodakhla.org\\\/fr\\\/wp-content\\\/uploads\\\/2021\\\/07\\\/Panorama-Master-IE-min-11.png\",\"width\":1600,\"height\":372},{\"@type\":\"BreadcrumbList\",\"@id\":\"https:\\\/\\\/uodakhla.org\\\/fr\\\/master-international-sur-lie-et-la-prospective\\\/#breadcrumb\",\"itemListElement\":[{\"@type\":\"ListItem\",\"position\":1,\"name\":\"Accueil\",\"item\":\"https:\\\/\\\/uodakhla.org\\\/fr\\\/\"},{\"@type\":\"ListItem\",\"position\":2,\"name\":\"Master international sur l\u2019IE et la prospective\"}]},{\"@type\":\"WebSite\",\"@id\":\"https:\\\/\\\/uodakhla.org\\\/fr\\\/#website\",\"url\":\"https:\\\/\\\/uodakhla.org\\\/fr\\\/\",\"name\":\"Universit\u00e9 Ouverte de Dakhla\",\"description\":\"Universit\u00e9 Ouverte de Dakhla\",\"publisher\":{\"@id\":\"https:\\\/\\\/uodakhla.org\\\/fr\\\/#organization\"},\"potentialAction\":[{\"@type\":\"SearchAction\",\"target\":{\"@type\":\"EntryPoint\",\"urlTemplate\":\"https:\\\/\\\/uodakhla.org\\\/fr\\\/?s={search_term_string}\"},\"query-input\":{\"@type\":\"PropertyValueSpecification\",\"valueRequired\":true,\"valueName\":\"search_term_string\"}}],\"inLanguage\":\"fr-FR\"},{\"@type\":\"Organization\",\"@id\":\"https:\\\/\\\/uodakhla.org\\\/fr\\\/#organization\",\"name\":\"Universit\u00e9 Ouverte de Dakhla\",\"url\":\"https:\\\/\\\/uodakhla.org\\\/fr\\\/\",\"logo\":{\"@type\":\"ImageObject\",\"inLanguage\":\"fr-FR\",\"@id\":\"https:\\\/\\\/uodakhla.org\\\/fr\\\/#\\\/schema\\\/logo\\\/image\\\/\",\"url\":\"https:\\\/\\\/uodakhla.org\\\/fr\\\/wp-content\\\/uploads\\\/2021\\\/07\\\/UOD-logo-_expanded.jpg\",\"contentUrl\":\"https:\\\/\\\/uodakhla.org\\\/fr\\\/wp-content\\\/uploads\\\/2021\\\/07\\\/UOD-logo-_expanded.jpg\",\"width\":894,\"height\":904,\"caption\":\"Universit\u00e9 Ouverte de Dakhla\"},\"image\":{\"@id\":\"https:\\\/\\\/uodakhla.org\\\/fr\\\/#\\\/schema\\\/logo\\\/image\\\/\"}}]}<\/script>\n<!-- \/ Yoast SEO Premium plugin. -->","yoast_head_json":{"title":"Master international sur l\u2019IE et la prospective - Universit\u00e9 Ouverte de Dakhla","robots":{"index":"index","follow":"follow","max-snippet":"max-snippet:-1","max-image-preview":"max-image-preview:large","max-video-preview":"max-video-preview:-1"},"canonical":"https:\/\/uodakhla.org\/fr\/master-international-sur-lie-et-la-prospective\/","og_locale":"fr_FR","og_type":"article","og_title":"Master international sur l\u2019IE et la prospective","og_url":"https:\/\/uodakhla.org\/fr\/master-international-sur-lie-et-la-prospective\/","og_site_name":"Universit\u00e9 Ouverte de Dakhla","article_modified_time":"2021-12-09T09:47:18+00:00","og_image":[{"url":"https:\/\/uodakhla.org\/fr\/wp-content\/uploads\/2021\/07\/Panorama-Master-IE-min-11-300x70.png","type":"","width":"","height":""}],"twitter_card":"summary_large_image","twitter_misc":{"Dur\u00e9e de lecture estim\u00e9e":"4 minutes"},"schema":{"@context":"https:\/\/schema.org","@graph":[{"@type":"WebPage","@id":"https:\/\/uodakhla.org\/fr\/master-international-sur-lie-et-la-prospective\/","url":"https:\/\/uodakhla.org\/fr\/master-international-sur-lie-et-la-prospective\/","name":"Master international sur l\u2019IE et la prospective - Universit\u00e9 Ouverte de Dakhla","isPartOf":{"@id":"https:\/\/uodakhla.org\/fr\/#website"},"primaryImageOfPage":{"@id":"https:\/\/uodakhla.org\/fr\/master-international-sur-lie-et-la-prospective\/#primaryimage"},"image":{"@id":"https:\/\/uodakhla.org\/fr\/master-international-sur-lie-et-la-prospective\/#primaryimage"},"thumbnailUrl":"https:\/\/uodakhla.org\/fr\/wp-content\/uploads\/2021\/07\/Panorama-Master-IE-min-11-300x70.png","datePublished":"2021-06-28T10:21:06+00:00","dateModified":"2021-12-09T09:47:18+00:00","breadcrumb":{"@id":"https:\/\/uodakhla.org\/fr\/master-international-sur-lie-et-la-prospective\/#breadcrumb"},"inLanguage":"fr-FR","potentialAction":[{"@type":"ReadAction","target":["https:\/\/uodakhla.org\/fr\/master-international-sur-lie-et-la-prospective\/"]}]},{"@type":"ImageObject","inLanguage":"fr-FR","@id":"https:\/\/uodakhla.org\/fr\/master-international-sur-lie-et-la-prospective\/#primaryimage","url":"https:\/\/uodakhla.org\/fr\/wp-content\/uploads\/2021\/07\/Panorama-Master-IE-min-11.png","contentUrl":"https:\/\/uodakhla.org\/fr\/wp-content\/uploads\/2021\/07\/Panorama-Master-IE-min-11.png","width":1600,"height":372},{"@type":"BreadcrumbList","@id":"https:\/\/uodakhla.org\/fr\/master-international-sur-lie-et-la-prospective\/#breadcrumb","itemListElement":[{"@type":"ListItem","position":1,"name":"Accueil","item":"https:\/\/uodakhla.org\/fr\/"},{"@type":"ListItem","position":2,"name":"Master international sur l\u2019IE et la prospective"}]},{"@type":"WebSite","@id":"https:\/\/uodakhla.org\/fr\/#website","url":"https:\/\/uodakhla.org\/fr\/","name":"Universit\u00e9 Ouverte de Dakhla","description":"Universit\u00e9 Ouverte de Dakhla","publisher":{"@id":"https:\/\/uodakhla.org\/fr\/#organization"},"potentialAction":[{"@type":"SearchAction","target":{"@type":"EntryPoint","urlTemplate":"https:\/\/uodakhla.org\/fr\/?s={search_term_string}"},"query-input":{"@type":"PropertyValueSpecification","valueRequired":true,"valueName":"search_term_string"}}],"inLanguage":"fr-FR"},{"@type":"Organization","@id":"https:\/\/uodakhla.org\/fr\/#organization","name":"Universit\u00e9 Ouverte de Dakhla","url":"https:\/\/uodakhla.org\/fr\/","logo":{"@type":"ImageObject","inLanguage":"fr-FR","@id":"https:\/\/uodakhla.org\/fr\/#\/schema\/logo\/image\/","url":"https:\/\/uodakhla.org\/fr\/wp-content\/uploads\/2021\/07\/UOD-logo-_expanded.jpg","contentUrl":"https:\/\/uodakhla.org\/fr\/wp-content\/uploads\/2021\/07\/UOD-logo-_expanded.jpg","width":894,"height":904,"caption":"Universit\u00e9 Ouverte de Dakhla"},"image":{"@id":"https:\/\/uodakhla.org\/fr\/#\/schema\/logo\/image\/"}}]}},"_links":{"self":[{"href":"https:\/\/uodakhla.org\/fr\/wp-json\/wp\/v2\/pages\/42","targetHints":{"allow":["GET"]}}],"collection":[{"href":"https:\/\/uodakhla.org\/fr\/wp-json\/wp\/v2\/pages"}],"about":[{"href":"https:\/\/uodakhla.org\/fr\/wp-json\/wp\/v2\/types\/page"}],"author":[{"embeddable":true,"href":"https:\/\/uodakhla.org\/fr\/wp-json\/wp\/v2\/users\/1"}],"replies":[{"embeddable":true,"href":"https:\/\/uodakhla.org\/fr\/wp-json\/wp\/v2\/comments?post=42"}],"version-history":[{"count":9,"href":"https:\/\/uodakhla.org\/fr\/wp-json\/wp\/v2\/pages\/42\/revisions"}],"predecessor-version":[{"id":217,"href":"https:\/\/uodakhla.org\/fr\/wp-json\/wp\/v2\/pages\/42\/revisions\/217"}],"wp:attachment":[{"href":"https:\/\/uodakhla.org\/fr\/wp-json\/wp\/v2\/media?parent=42"}],"curies":[{"name":"wp","href":"https:\/\/api.w.org\/{rel}","templated":true}]}}