{"id":45,"date":"2021-06-28T10:21:22","date_gmt":"2021-06-28T10:21:22","guid":{"rendered":"https:\/\/uodakhla.org\/fr\/?page_id=45"},"modified":"2021-12-09T09:43:11","modified_gmt":"2021-12-09T09:43:11","slug":"rencontre-internationale-bisa-annuelle","status":"publish","type":"page","link":"https:\/\/uodakhla.org\/fr\/rencontre-internationale-bisa-annuelle\/","title":{"rendered":"Rencontres Internationales"},"content":{"rendered":"<p style=\"text-align: center;\"><span style=\"color: #59ab56;\"><strong>Activit\u00e9s de l\u2019Universit\u00e9 Ouverte de Dakhla<\/strong><\/span><\/p>\n<p style=\"text-align: center;\"><span style=\"color: #59ab56;\"><strong>Entre 2009 et 2019<\/strong><\/span><\/p>\n<ul>\n<li><span style=\"color: #c03b56;\"><strong>Rencontre internationale de lancement\u00a0:<\/strong><\/span><\/li>\n<li>Ann\u00e9e\u00a0: 2009<\/li>\n<li>Th\u00e8me\u00a0: <strong>Comp\u00e9titivit\u00e9 et accumulation des comp\u00e9tences dans la mondialisation, comparaisons internationales<\/strong><\/li>\n<li>150 participants<\/li>\n<li>20 experts<\/li>\n<li>Nombre de pays\u00a0: 15<\/li>\n<li><strong>Ann\u00e9e de cr\u00e9ation : 2010<\/strong><\/li>\n<\/ul>\n<p>&nbsp;<\/p>\n<ul>\n<li><span style=\"color: #c03b56;\"><strong>1<sup>\u00e8re<\/sup> Rencontre Internationale de Dakhla<\/strong>:<\/span><\/li>\n<li>Ann\u00e9e\u00a0: 2011<\/li>\n<li>Th\u00e8me\u00a0: <strong>Intelligence territoriale et d\u00e9veloppement r\u00e9gional par l\u2019entreprise, exp\u00e9riences internationales compar\u00e9es<\/strong>,<\/li>\n<li>Nombre de participants\u00a0: 150<\/li>\n<li>Nombre d\u2019experts\u00a0: 25<\/li>\n<li>Nombre de pays\u00a0: 25<\/li>\n<\/ul>\n<p>&nbsp;<\/p>\n<ul>\n<li><span style=\"color: #c03b56;\"><strong>2<sup>\u00e8me<\/sup><\/strong> <strong>Rencontre Internationale de Dakhla<\/strong><\/span><\/li>\n<li>Ann\u00e9e\u00a0: 2013<\/li>\n<li>Nombre de participant\u00a0: 200<\/li>\n<li>Th\u00e8me\u00a0: <strong>Int\u00e9grations r\u00e9gionales et prospective des territoires, comparaisons internationales<\/strong><\/li>\n<li>Nombre d\u2019experts\u00a0: 27<\/li>\n<li>Nombre de pays\u00a0: 20<\/li>\n<\/ul>\n<p>&nbsp;<\/p>\n<ul>\n<li><span style=\"color: #c03b56;\"><strong>3<sup>\u00e8me<\/sup> Rencontre Internationale de Dakhla<\/strong><\/span><\/li>\n<li>Ann\u00e9e\u00a0: 2015<\/li>\n<li>Nombre de participants\u00a0: 250<\/li>\n<li>Th\u00e8me\u00a0: <strong>Les nouveaux territoires \u00e9conomiques, acteurs et facteurs de l\u2019\u00e9mergence, comparaisons internationales<\/strong><\/li>\n<li>Nombre d\u2019experts\u00a0: 43<\/li>\n<li>Nombre de pays\u00a0: 25<\/li>\n<\/ul>\n<p>&nbsp;<\/p>\n<ul>\n<li><span style=\"color: #c03b56;\"><strong>4<sup>\u00e8me<\/sup> Rencontre Internationale de Dakhla<\/strong><\/span><\/li>\n<li>Ann\u00e9e\u00a0: 2016<\/li>\n<li>Th\u00e8me\u00a0: <strong>les jeunes du monde et le d\u00e9veloppement durable<\/strong><\/li>\n<li>Nombre de participants\u00a0: 350<\/li>\n<li>Nombre d\u2019experts\u00a0: 10<\/li>\n<li>Nombre de pays\u00a0: 90, dont 35 d\u2019Afrique<\/li>\n<\/ul>\n<p>&nbsp;<\/p>\n<ul>\n<li><span style=\"color: #c03b56;\"><strong>5<sup>\u00e8me<\/sup><\/strong> <strong>Rencontre Internationale de Dakhla<\/strong><\/span><\/li>\n<li>Date\u00a0: d\u00e9cembre 2017<\/li>\n<li>Th\u00e8me\u00a0: <strong>La Nouvelle Economie Mondiale, comparaisons internationales<\/strong><\/li>\n<li>Nombre de participant\u00a0: 250<\/li>\n<li>Nombre d\u2019experts\u00a0: 49<\/li>\n<li>Nombre de pays\u00a0: 28<\/li>\n<\/ul>\n<p>&nbsp;<\/p>\n<ul>\n<li><span style=\"color: #c03b56;\"><strong>1<sup>\u00e8re<\/sup> Rencontre du Forum des Associations Africaines d\u2019Intelligence Economique cr\u00e9e par l\u2019Universit\u00e9 Ouverte de Dakhla<\/strong><\/span><\/li>\n<li>Ann\u00e9e\u00a0: 2018<\/li>\n<li>Th\u00e8me\u00a0: <strong>L\u2019Intelligence \u00e9conomique en Afrique, Exp\u00e9riences nationales et partenariats africains<\/strong><\/li>\n<li>Nombre de participants\u00a0: 100<\/li>\n<li>Nombre d\u2019experts\u00a0: 25 Africains<\/li>\n<li>Nombre de pays\u00a0: 18<\/li>\n<\/ul>\n<p>&nbsp;<\/p>\n<ul>\n<li><span style=\"color: #c03b56;\"><strong>2<sup>\u00e8re<\/sup><\/strong> <strong>Rencontre du Forum des Associations Africaines d\u2019Intelligence Economique cr\u00e9e par l\u2019Universit\u00e9 Ouverte de Dakhla<\/strong><\/span><\/li>\n<li>Ann\u00e9e\u00a0: 2018<\/li>\n<li>Th\u00e8me\u00a0: <strong>Intelligence \u00e9conomique et prospective des territoires Afrique<\/strong><\/li>\n<li>Nombre de participants\u00a0: 150<\/li>\n<li>Nombre d\u2019experts\u00a0: 30 Africains<\/li>\n<li>Nombre de pays\u00a0: 23<\/li>\n<\/ul>\n<p>&nbsp;<\/p>\n<ul>\n<li><span style=\"color: #c03b56;\"><strong>6<sup>\u00e8me<\/sup><\/strong> <strong>Rencontre Internationale de Dakhla<\/strong><\/span><\/li>\n<li>Ann\u00e9e\u00a0: 2019<\/li>\n<li>Th\u00e8me\u00a0: <strong>Repenser l\u2019Afrique au XXI \u00e8me si\u00e8cle<\/strong><\/li>\n<li>Nombre de participants\u00a0:300<\/li>\n<li>Nombre d\u2019experts\u00a0: 50<\/li>\n<li>Nombre de pays\u00a0:39<\/li>\n<\/ul>\n","protected":false},"excerpt":{"rendered":"<p>Activit\u00e9s de l\u2019Universit\u00e9 Ouverte de Dakhla Entre 2009 et 2019  [&#8230;]<\/p>\n","protected":false},"author":1,"featured_media":0,"parent":0,"menu_order":0,"comment_status":"closed","ping_status":"closed","template":"","meta":{"footnotes":""},"class_list":["post-45","page","type-page","status-publish","hentry"],"yoast_head":"<!-- This site is optimized with the Yoast SEO Premium plugin v18.1 (Yoast SEO v27.4) - https:\/\/yoast.com\/product\/yoast-seo-premium-wordpress\/ -->\n<title>Rencontres Internationales - Universit\u00e9 Ouverte de Dakhla<\/title>\n<meta name=\"robots\" content=\"index, follow, max-snippet:-1, max-image-preview:large, max-video-preview:-1\" \/>\n<link rel=\"canonical\" href=\"https:\/\/uodakhla.org\/fr\/rencontre-internationale-bisa-annuelle\/\" \/>\n<meta property=\"og:locale\" content=\"fr_FR\" \/>\n<meta property=\"og:type\" content=\"article\" \/>\n<meta property=\"og:title\" content=\"Rencontres Internationales\" \/>\n<meta property=\"og:description\" content=\"Activit\u00e9s de l\u2019Universit\u00e9 Ouverte de Dakhla Entre 2009 et 2019 [...]\" \/>\n<meta property=\"og:url\" content=\"https:\/\/uodakhla.org\/fr\/rencontre-internationale-bisa-annuelle\/\" \/>\n<meta property=\"og:site_name\" content=\"Universit\u00e9 Ouverte de Dakhla\" \/>\n<meta property=\"article:modified_time\" content=\"2021-12-09T09:43:11+00:00\" \/>\n<meta name=\"twitter:card\" content=\"summary_large_image\" \/>\n<meta name=\"twitter:label1\" content=\"Dur\u00e9e de lecture estim\u00e9e\" \/>\n\t<meta name=\"twitter:data1\" content=\"2 minutes\" \/>\n<script type=\"application\/ld+json\" class=\"yoast-schema-graph\">{\"@context\":\"https:\\\/\\\/schema.org\",\"@graph\":[{\"@type\":\"WebPage\",\"@id\":\"https:\\\/\\\/uodakhla.org\\\/fr\\\/rencontre-internationale-bisa-annuelle\\\/\",\"url\":\"https:\\\/\\\/uodakhla.org\\\/fr\\\/rencontre-internationale-bisa-annuelle\\\/\",\"name\":\"Rencontres Internationales - Universit\u00e9 Ouverte de Dakhla\",\"isPartOf\":{\"@id\":\"https:\\\/\\\/uodakhla.org\\\/fr\\\/#website\"},\"datePublished\":\"2021-06-28T10:21:22+00:00\",\"dateModified\":\"2021-12-09T09:43:11+00:00\",\"breadcrumb\":{\"@id\":\"https:\\\/\\\/uodakhla.org\\\/fr\\\/rencontre-internationale-bisa-annuelle\\\/#breadcrumb\"},\"inLanguage\":\"fr-FR\",\"potentialAction\":[{\"@type\":\"ReadAction\",\"target\":[\"https:\\\/\\\/uodakhla.org\\\/fr\\\/rencontre-internationale-bisa-annuelle\\\/\"]}]},{\"@type\":\"BreadcrumbList\",\"@id\":\"https:\\\/\\\/uodakhla.org\\\/fr\\\/rencontre-internationale-bisa-annuelle\\\/#breadcrumb\",\"itemListElement\":[{\"@type\":\"ListItem\",\"position\":1,\"name\":\"Accueil\",\"item\":\"https:\\\/\\\/uodakhla.org\\\/fr\\\/\"},{\"@type\":\"ListItem\",\"position\":2,\"name\":\"Rencontres Internationales\"}]},{\"@type\":\"WebSite\",\"@id\":\"https:\\\/\\\/uodakhla.org\\\/fr\\\/#website\",\"url\":\"https:\\\/\\\/uodakhla.org\\\/fr\\\/\",\"name\":\"Universit\u00e9 Ouverte de Dakhla\",\"description\":\"Universit\u00e9 Ouverte de Dakhla\",\"publisher\":{\"@id\":\"https:\\\/\\\/uodakhla.org\\\/fr\\\/#organization\"},\"potentialAction\":[{\"@type\":\"SearchAction\",\"target\":{\"@type\":\"EntryPoint\",\"urlTemplate\":\"https:\\\/\\\/uodakhla.org\\\/fr\\\/?s={search_term_string}\"},\"query-input\":{\"@type\":\"PropertyValueSpecification\",\"valueRequired\":true,\"valueName\":\"search_term_string\"}}],\"inLanguage\":\"fr-FR\"},{\"@type\":\"Organization\",\"@id\":\"https:\\\/\\\/uodakhla.org\\\/fr\\\/#organization\",\"name\":\"Universit\u00e9 Ouverte de Dakhla\",\"url\":\"https:\\\/\\\/uodakhla.org\\\/fr\\\/\",\"logo\":{\"@type\":\"ImageObject\",\"inLanguage\":\"fr-FR\",\"@id\":\"https:\\\/\\\/uodakhla.org\\\/fr\\\/#\\\/schema\\\/logo\\\/image\\\/\",\"url\":\"https:\\\/\\\/uodakhla.org\\\/fr\\\/wp-content\\\/uploads\\\/2021\\\/07\\\/UOD-logo-_expanded.jpg\",\"contentUrl\":\"https:\\\/\\\/uodakhla.org\\\/fr\\\/wp-content\\\/uploads\\\/2021\\\/07\\\/UOD-logo-_expanded.jpg\",\"width\":894,\"height\":904,\"caption\":\"Universit\u00e9 Ouverte de Dakhla\"},\"image\":{\"@id\":\"https:\\\/\\\/uodakhla.org\\\/fr\\\/#\\\/schema\\\/logo\\\/image\\\/\"}}]}<\/script>\n<!-- \/ Yoast SEO Premium plugin. -->","yoast_head_json":{"title":"Rencontres Internationales - Universit\u00e9 Ouverte de Dakhla","robots":{"index":"index","follow":"follow","max-snippet":"max-snippet:-1","max-image-preview":"max-image-preview:large","max-video-preview":"max-video-preview:-1"},"canonical":"https:\/\/uodakhla.org\/fr\/rencontre-internationale-bisa-annuelle\/","og_locale":"fr_FR","og_type":"article","og_title":"Rencontres Internationales","og_description":"Activit\u00e9s de l\u2019Universit\u00e9 Ouverte de Dakhla Entre 2009 et 2019 [...]","og_url":"https:\/\/uodakhla.org\/fr\/rencontre-internationale-bisa-annuelle\/","og_site_name":"Universit\u00e9 Ouverte de Dakhla","article_modified_time":"2021-12-09T09:43:11+00:00","twitter_card":"summary_large_image","twitter_misc":{"Dur\u00e9e de lecture estim\u00e9e":"2 minutes"},"schema":{"@context":"https:\/\/schema.org","@graph":[{"@type":"WebPage","@id":"https:\/\/uodakhla.org\/fr\/rencontre-internationale-bisa-annuelle\/","url":"https:\/\/uodakhla.org\/fr\/rencontre-internationale-bisa-annuelle\/","name":"Rencontres Internationales - Universit\u00e9 Ouverte de Dakhla","isPartOf":{"@id":"https:\/\/uodakhla.org\/fr\/#website"},"datePublished":"2021-06-28T10:21:22+00:00","dateModified":"2021-12-09T09:43:11+00:00","breadcrumb":{"@id":"https:\/\/uodakhla.org\/fr\/rencontre-internationale-bisa-annuelle\/#breadcrumb"},"inLanguage":"fr-FR","potentialAction":[{"@type":"ReadAction","target":["https:\/\/uodakhla.org\/fr\/rencontre-internationale-bisa-annuelle\/"]}]},{"@type":"BreadcrumbList","@id":"https:\/\/uodakhla.org\/fr\/rencontre-internationale-bisa-annuelle\/#breadcrumb","itemListElement":[{"@type":"ListItem","position":1,"name":"Accueil","item":"https:\/\/uodakhla.org\/fr\/"},{"@type":"ListItem","position":2,"name":"Rencontres Internationales"}]},{"@type":"WebSite","@id":"https:\/\/uodakhla.org\/fr\/#website","url":"https:\/\/uodakhla.org\/fr\/","name":"Universit\u00e9 Ouverte de Dakhla","description":"Universit\u00e9 Ouverte de Dakhla","publisher":{"@id":"https:\/\/uodakhla.org\/fr\/#organization"},"potentialAction":[{"@type":"SearchAction","target":{"@type":"EntryPoint","urlTemplate":"https:\/\/uodakhla.org\/fr\/?s={search_term_string}"},"query-input":{"@type":"PropertyValueSpecification","valueRequired":true,"valueName":"search_term_string"}}],"inLanguage":"fr-FR"},{"@type":"Organization","@id":"https:\/\/uodakhla.org\/fr\/#organization","name":"Universit\u00e9 Ouverte de Dakhla","url":"https:\/\/uodakhla.org\/fr\/","logo":{"@type":"ImageObject","inLanguage":"fr-FR","@id":"https:\/\/uodakhla.org\/fr\/#\/schema\/logo\/image\/","url":"https:\/\/uodakhla.org\/fr\/wp-content\/uploads\/2021\/07\/UOD-logo-_expanded.jpg","contentUrl":"https:\/\/uodakhla.org\/fr\/wp-content\/uploads\/2021\/07\/UOD-logo-_expanded.jpg","width":894,"height":904,"caption":"Universit\u00e9 Ouverte de Dakhla"},"image":{"@id":"https:\/\/uodakhla.org\/fr\/#\/schema\/logo\/image\/"}}]}},"_links":{"self":[{"href":"https:\/\/uodakhla.org\/fr\/wp-json\/wp\/v2\/pages\/45","targetHints":{"allow":["GET"]}}],"collection":[{"href":"https:\/\/uodakhla.org\/fr\/wp-json\/wp\/v2\/pages"}],"about":[{"href":"https:\/\/uodakhla.org\/fr\/wp-json\/wp\/v2\/types\/page"}],"author":[{"embeddable":true,"href":"https:\/\/uodakhla.org\/fr\/wp-json\/wp\/v2\/users\/1"}],"replies":[{"embeddable":true,"href":"https:\/\/uodakhla.org\/fr\/wp-json\/wp\/v2\/comments?post=45"}],"version-history":[{"count":8,"href":"https:\/\/uodakhla.org\/fr\/wp-json\/wp\/v2\/pages\/45\/revisions"}],"predecessor-version":[{"id":216,"href":"https:\/\/uodakhla.org\/fr\/wp-json\/wp\/v2\/pages\/45\/revisions\/216"}],"wp:attachment":[{"href":"https:\/\/uodakhla.org\/fr\/wp-json\/wp\/v2\/media?parent=45"}],"curies":[{"name":"wp","href":"https:\/\/api.w.org\/{rel}","templated":true}]}}