{"id":48,"date":"2021-06-28T10:21:44","date_gmt":"2021-06-28T10:21:44","guid":{"rendered":"https:\/\/uodakhla.org\/fr\/?page_id=48"},"modified":"2021-12-09T09:46:11","modified_gmt":"2021-12-09T09:46:11","slug":"forum-des-associations-die-en-afrique","status":"publish","type":"page","link":"https:\/\/uodakhla.org\/fr\/forum-des-associations-die-en-afrique\/","title":{"rendered":"Forum des associations d\u2019IE en Afrique"},"content":{"rendered":"<div class=\"fusion-fullwidth fullwidth-box fusion-builder-row-1 fusion-flex-container nonhundred-percent-fullwidth non-hundred-percent-height-scrolling\" style=\"--awb-border-radius-top-left:0px;--awb-border-radius-top-right:0px;--awb-border-radius-bottom-right:0px;--awb-border-radius-bottom-left:0px;--awb-flex-wrap:wrap;\" ><div class=\"fusion-builder-row fusion-row fusion-flex-align-items-flex-start fusion-flex-content-wrap\" style=\"max-width:1248px;margin-left: calc(-4% \/ 2 );margin-right: calc(-4% \/ 2 );\"><div class=\"fusion-layout-column fusion_builder_column fusion-builder-column-0 fusion_builder_column_1_1 1_1 fusion-flex-column\" style=\"--awb-bg-size:cover;--awb-width-large:100%;--awb-margin-top-large:0px;--awb-spacing-right-large:1.92%;--awb-margin-bottom-large:0px;--awb-spacing-left-large:1.92%;--awb-width-medium:100%;--awb-spacing-right-medium:1.92%;--awb-spacing-left-medium:1.92%;--awb-width-small:100%;--awb-spacing-right-small:1.92%;--awb-spacing-left-small:1.92%;\"><div class=\"fusion-column-wrapper fusion-flex-justify-content-flex-start fusion-content-layout-column\"><div class=\"fusion-text fusion-text-1\"><p><img decoding=\"async\" class=\"aligncenter\" src=\"https:\/\/www.faaie.africa\/wp-content\/uploads\/2019\/02\/cropped-entete-accueil-2-1.jpg\" alt=\"FAAIE\" \/><\/p>\n<\/div><div class=\"fusion-text fusion-text-2\"><p>Le Forum des Associations Africaines d\u2019Intelligence Economique \u2013 FAAIE a \u00e9t\u00e9 cr\u00e9\u00e9 en Mai 2018. Il a parmi ses objectifs de contribuer \u00e0 la promotion des pratiques de l\u2019Intelligence Economique en Afrique.<\/p>\n<p><strong>Pr\u00e9sident :<\/strong><br \/>\n<strong><em>M. Driss Guerraoui<\/em><\/strong><br \/>\nPr\u00e9sident de l\u2019Universit\u00e9 ouverte de Dakhla, <strong>Maroc<\/strong><\/p>\n<p><strong>Vice-Pr\u00e9sidents :<\/strong><\/p>\n<p><strong><em>M. Adoum Youssouf Ibrahim<\/em><\/strong><br \/>\nPr\u00e9sident de l\u2019Association Tchadienne d\u2019Intelligence Economique, <strong>Tchad<\/strong><\/p>\n<p><strong><em>M. Kais Mejri<\/em><\/strong><br \/>\nMembre fondateur de l\u2019Association Tunisienne d\u2019Intelligence Economique, <strong>Tunisie<\/strong><\/p>\n<p><strong><em>M. Moustapha Boulamine<\/em><\/strong><br \/>\nPr\u00e9sident du R\u00e9seau Nig\u00e9rien d\u2019Intelligence Economique, <strong>Niger<\/strong><\/p>\n<p><strong><em>Mme. Siham Harroussi<\/em><\/strong><br \/>\nVice-Pr\u00e9sidente de ThinkTankers<\/p>\n<p><strong><em>Mme. Shitaye Lemma<\/em><\/strong><br \/>\nPr\u00e9sidente de l\u2019Association \u00c9thiopienne d\u2019Intelligence Economique, <strong>Ethiopie<\/strong><\/p>\n<p><strong><em>M. Mahamat Mahamat Ali<\/em><\/strong><br \/>\nPr\u00e9sident du Cercle pour la Prospective et l\u2019Intelligence Economique au Tchad, Tchad.<br \/>\nChairman of the Circle for Foresight and Economic Intelligence in Chad, Chad.<\/p>\n<p><strong><em>M. Mvoula Tsieri<\/em><\/strong><br \/>\nPr\u00e9sident du Centre Africain de Veille Strat\u00e9gique, <strong>R\u00e9publique du Congo<\/strong><\/p>\n<p><strong><em>M. Sidi Mohamed Abdellahi<\/em><\/strong><br \/>\nPr\u00e9sident de l\u2019Association Mauritanienne de l\u2019Intelligence Economique, <strong>Mauritanie<\/strong><\/p>\n<p><strong><em>M. Amath Soumar\u00e9<\/em><\/strong><br \/>\nPr\u00e9sident de l\u2019Association SOPEL International, <strong>S\u00e9n\u00e9gal<\/strong><\/p>\n<p><strong>Secr\u00e9taire G\u00e9n\u00e9ral :<\/strong><br \/>\n<strong><em>M. Mounir Rochdi<\/em><\/strong><br \/>\nPr\u00e9sident de ThinkTankers<\/p>\n<p><strong>Tr\u00e9sorier :<\/strong><br \/>\n<strong><em>M. Mohamed Ourdedine<\/em><\/strong><br \/>\nMembre fondateur et administrateur de l\u2019Association Marocaine d\u2019Intelligence Economique<\/p>\n<\/div><\/div><\/div><\/div><\/div>\n","protected":false},"excerpt":{"rendered":"","protected":false},"author":1,"featured_media":0,"parent":0,"menu_order":0,"comment_status":"closed","ping_status":"closed","template":"","meta":{"footnotes":""},"class_list":["post-48","page","type-page","status-publish","hentry"],"yoast_head":"<!-- This site is optimized with the Yoast SEO Premium plugin v18.1 (Yoast SEO v27.5) - https:\/\/yoast.com\/product\/yoast-seo-premium-wordpress\/ -->\n<title>Forum des associations d\u2019IE en Afrique - Universit\u00e9 Ouverte de Dakhla<\/title>\n<meta name=\"robots\" content=\"index, follow, max-snippet:-1, max-image-preview:large, max-video-preview:-1\" \/>\n<link rel=\"canonical\" href=\"https:\/\/uodakhla.org\/fr\/forum-des-associations-die-en-afrique\/\" \/>\n<meta property=\"og:locale\" content=\"fr_FR\" \/>\n<meta property=\"og:type\" content=\"article\" \/>\n<meta property=\"og:title\" content=\"Forum des associations d\u2019IE en Afrique\" \/>\n<meta property=\"og:url\" content=\"https:\/\/uodakhla.org\/fr\/forum-des-associations-die-en-afrique\/\" \/>\n<meta property=\"og:site_name\" content=\"Universit\u00e9 Ouverte de Dakhla\" \/>\n<meta property=\"article:modified_time\" content=\"2021-12-09T09:46:11+00:00\" \/>\n<meta property=\"og:image\" content=\"https:\/\/www.faaie.africa\/wp-content\/uploads\/2019\/02\/cropped-entete-accueil-2-1.jpg\" \/>\n<meta name=\"twitter:card\" content=\"summary_large_image\" \/>\n<meta name=\"twitter:label1\" content=\"Dur\u00e9e de lecture estim\u00e9e\" \/>\n\t<meta name=\"twitter:data1\" content=\"2 minutes\" \/>\n<script type=\"application\/ld+json\" class=\"yoast-schema-graph\">{\"@context\":\"https:\\\/\\\/schema.org\",\"@graph\":[{\"@type\":\"WebPage\",\"@id\":\"https:\\\/\\\/uodakhla.org\\\/fr\\\/forum-des-associations-die-en-afrique\\\/\",\"url\":\"https:\\\/\\\/uodakhla.org\\\/fr\\\/forum-des-associations-die-en-afrique\\\/\",\"name\":\"Forum des associations d\u2019IE en Afrique - Universit\u00e9 Ouverte de Dakhla\",\"isPartOf\":{\"@id\":\"https:\\\/\\\/uodakhla.org\\\/fr\\\/#website\"},\"primaryImageOfPage\":{\"@id\":\"https:\\\/\\\/uodakhla.org\\\/fr\\\/forum-des-associations-die-en-afrique\\\/#primaryimage\"},\"image\":{\"@id\":\"https:\\\/\\\/uodakhla.org\\\/fr\\\/forum-des-associations-die-en-afrique\\\/#primaryimage\"},\"thumbnailUrl\":\"https:\\\/\\\/www.faaie.africa\\\/wp-content\\\/uploads\\\/2019\\\/02\\\/cropped-entete-accueil-2-1.jpg\",\"datePublished\":\"2021-06-28T10:21:44+00:00\",\"dateModified\":\"2021-12-09T09:46:11+00:00\",\"breadcrumb\":{\"@id\":\"https:\\\/\\\/uodakhla.org\\\/fr\\\/forum-des-associations-die-en-afrique\\\/#breadcrumb\"},\"inLanguage\":\"fr-FR\",\"potentialAction\":[{\"@type\":\"ReadAction\",\"target\":[\"https:\\\/\\\/uodakhla.org\\\/fr\\\/forum-des-associations-die-en-afrique\\\/\"]}]},{\"@type\":\"ImageObject\",\"inLanguage\":\"fr-FR\",\"@id\":\"https:\\\/\\\/uodakhla.org\\\/fr\\\/forum-des-associations-die-en-afrique\\\/#primaryimage\",\"url\":\"https:\\\/\\\/www.faaie.africa\\\/wp-content\\\/uploads\\\/2019\\\/02\\\/cropped-entete-accueil-2-1.jpg\",\"contentUrl\":\"https:\\\/\\\/www.faaie.africa\\\/wp-content\\\/uploads\\\/2019\\\/02\\\/cropped-entete-accueil-2-1.jpg\"},{\"@type\":\"BreadcrumbList\",\"@id\":\"https:\\\/\\\/uodakhla.org\\\/fr\\\/forum-des-associations-die-en-afrique\\\/#breadcrumb\",\"itemListElement\":[{\"@type\":\"ListItem\",\"position\":1,\"name\":\"Accueil\",\"item\":\"https:\\\/\\\/uodakhla.org\\\/fr\\\/\"},{\"@type\":\"ListItem\",\"position\":2,\"name\":\"Forum des associations d\u2019IE en Afrique\"}]},{\"@type\":\"WebSite\",\"@id\":\"https:\\\/\\\/uodakhla.org\\\/fr\\\/#website\",\"url\":\"https:\\\/\\\/uodakhla.org\\\/fr\\\/\",\"name\":\"Universit\u00e9 Ouverte de Dakhla\",\"description\":\"Universit\u00e9 Ouverte de Dakhla\",\"publisher\":{\"@id\":\"https:\\\/\\\/uodakhla.org\\\/fr\\\/#organization\"},\"potentialAction\":[{\"@type\":\"SearchAction\",\"target\":{\"@type\":\"EntryPoint\",\"urlTemplate\":\"https:\\\/\\\/uodakhla.org\\\/fr\\\/?s={search_term_string}\"},\"query-input\":{\"@type\":\"PropertyValueSpecification\",\"valueRequired\":true,\"valueName\":\"search_term_string\"}}],\"inLanguage\":\"fr-FR\"},{\"@type\":\"Organization\",\"@id\":\"https:\\\/\\\/uodakhla.org\\\/fr\\\/#organization\",\"name\":\"Universit\u00e9 Ouverte de Dakhla\",\"url\":\"https:\\\/\\\/uodakhla.org\\\/fr\\\/\",\"logo\":{\"@type\":\"ImageObject\",\"inLanguage\":\"fr-FR\",\"@id\":\"https:\\\/\\\/uodakhla.org\\\/fr\\\/#\\\/schema\\\/logo\\\/image\\\/\",\"url\":\"https:\\\/\\\/uodakhla.org\\\/fr\\\/wp-content\\\/uploads\\\/2021\\\/07\\\/UOD-logo-_expanded.jpg\",\"contentUrl\":\"https:\\\/\\\/uodakhla.org\\\/fr\\\/wp-content\\\/uploads\\\/2021\\\/07\\\/UOD-logo-_expanded.jpg\",\"width\":894,\"height\":904,\"caption\":\"Universit\u00e9 Ouverte de Dakhla\"},\"image\":{\"@id\":\"https:\\\/\\\/uodakhla.org\\\/fr\\\/#\\\/schema\\\/logo\\\/image\\\/\"}}]}<\/script>\n<!-- \/ Yoast SEO Premium plugin. -->","yoast_head_json":{"title":"Forum des associations d\u2019IE en Afrique - Universit\u00e9 Ouverte de Dakhla","robots":{"index":"index","follow":"follow","max-snippet":"max-snippet:-1","max-image-preview":"max-image-preview:large","max-video-preview":"max-video-preview:-1"},"canonical":"https:\/\/uodakhla.org\/fr\/forum-des-associations-die-en-afrique\/","og_locale":"fr_FR","og_type":"article","og_title":"Forum des associations d\u2019IE en Afrique","og_url":"https:\/\/uodakhla.org\/fr\/forum-des-associations-die-en-afrique\/","og_site_name":"Universit\u00e9 Ouverte de Dakhla","article_modified_time":"2021-12-09T09:46:11+00:00","og_image":[{"url":"https:\/\/www.faaie.africa\/wp-content\/uploads\/2019\/02\/cropped-entete-accueil-2-1.jpg","type":"","width":"","height":""}],"twitter_card":"summary_large_image","twitter_misc":{"Dur\u00e9e de lecture estim\u00e9e":"2 minutes"},"schema":{"@context":"https:\/\/schema.org","@graph":[{"@type":"WebPage","@id":"https:\/\/uodakhla.org\/fr\/forum-des-associations-die-en-afrique\/","url":"https:\/\/uodakhla.org\/fr\/forum-des-associations-die-en-afrique\/","name":"Forum des associations d\u2019IE en Afrique - Universit\u00e9 Ouverte de Dakhla","isPartOf":{"@id":"https:\/\/uodakhla.org\/fr\/#website"},"primaryImageOfPage":{"@id":"https:\/\/uodakhla.org\/fr\/forum-des-associations-die-en-afrique\/#primaryimage"},"image":{"@id":"https:\/\/uodakhla.org\/fr\/forum-des-associations-die-en-afrique\/#primaryimage"},"thumbnailUrl":"https:\/\/www.faaie.africa\/wp-content\/uploads\/2019\/02\/cropped-entete-accueil-2-1.jpg","datePublished":"2021-06-28T10:21:44+00:00","dateModified":"2021-12-09T09:46:11+00:00","breadcrumb":{"@id":"https:\/\/uodakhla.org\/fr\/forum-des-associations-die-en-afrique\/#breadcrumb"},"inLanguage":"fr-FR","potentialAction":[{"@type":"ReadAction","target":["https:\/\/uodakhla.org\/fr\/forum-des-associations-die-en-afrique\/"]}]},{"@type":"ImageObject","inLanguage":"fr-FR","@id":"https:\/\/uodakhla.org\/fr\/forum-des-associations-die-en-afrique\/#primaryimage","url":"https:\/\/www.faaie.africa\/wp-content\/uploads\/2019\/02\/cropped-entete-accueil-2-1.jpg","contentUrl":"https:\/\/www.faaie.africa\/wp-content\/uploads\/2019\/02\/cropped-entete-accueil-2-1.jpg"},{"@type":"BreadcrumbList","@id":"https:\/\/uodakhla.org\/fr\/forum-des-associations-die-en-afrique\/#breadcrumb","itemListElement":[{"@type":"ListItem","position":1,"name":"Accueil","item":"https:\/\/uodakhla.org\/fr\/"},{"@type":"ListItem","position":2,"name":"Forum des associations d\u2019IE en Afrique"}]},{"@type":"WebSite","@id":"https:\/\/uodakhla.org\/fr\/#website","url":"https:\/\/uodakhla.org\/fr\/","name":"Universit\u00e9 Ouverte de Dakhla","description":"Universit\u00e9 Ouverte de Dakhla","publisher":{"@id":"https:\/\/uodakhla.org\/fr\/#organization"},"potentialAction":[{"@type":"SearchAction","target":{"@type":"EntryPoint","urlTemplate":"https:\/\/uodakhla.org\/fr\/?s={search_term_string}"},"query-input":{"@type":"PropertyValueSpecification","valueRequired":true,"valueName":"search_term_string"}}],"inLanguage":"fr-FR"},{"@type":"Organization","@id":"https:\/\/uodakhla.org\/fr\/#organization","name":"Universit\u00e9 Ouverte de Dakhla","url":"https:\/\/uodakhla.org\/fr\/","logo":{"@type":"ImageObject","inLanguage":"fr-FR","@id":"https:\/\/uodakhla.org\/fr\/#\/schema\/logo\/image\/","url":"https:\/\/uodakhla.org\/fr\/wp-content\/uploads\/2021\/07\/UOD-logo-_expanded.jpg","contentUrl":"https:\/\/uodakhla.org\/fr\/wp-content\/uploads\/2021\/07\/UOD-logo-_expanded.jpg","width":894,"height":904,"caption":"Universit\u00e9 Ouverte de Dakhla"},"image":{"@id":"https:\/\/uodakhla.org\/fr\/#\/schema\/logo\/image\/"}}]}},"_links":{"self":[{"href":"https:\/\/uodakhla.org\/fr\/wp-json\/wp\/v2\/pages\/48","targetHints":{"allow":["GET"]}}],"collection":[{"href":"https:\/\/uodakhla.org\/fr\/wp-json\/wp\/v2\/pages"}],"about":[{"href":"https:\/\/uodakhla.org\/fr\/wp-json\/wp\/v2\/types\/page"}],"author":[{"embeddable":true,"href":"https:\/\/uodakhla.org\/fr\/wp-json\/wp\/v2\/users\/1"}],"replies":[{"embeddable":true,"href":"https:\/\/uodakhla.org\/fr\/wp-json\/wp\/v2\/comments?post=48"}],"version-history":[{"count":3,"href":"https:\/\/uodakhla.org\/fr\/wp-json\/wp\/v2\/pages\/48\/revisions"}],"predecessor-version":[{"id":189,"href":"https:\/\/uodakhla.org\/fr\/wp-json\/wp\/v2\/pages\/48\/revisions\/189"}],"wp:attachment":[{"href":"https:\/\/uodakhla.org\/fr\/wp-json\/wp\/v2\/media?parent=48"}],"curies":[{"name":"wp","href":"https:\/\/api.w.org\/{rel}","templated":true}]}}