{"id":680,"date":"2023-01-24T17:27:18","date_gmt":"2023-01-24T17:27:18","guid":{"rendered":"https:\/\/uodakhla.org\/fr\/?page_id=680"},"modified":"2025-09-29T13:34:04","modified_gmt":"2025-09-29T13:34:04","slug":"maison-de-la-francophonie-de-dakhla","status":"publish","type":"page","link":"https:\/\/uodakhla.org\/fr\/maison-de-la-francophonie-de-dakhla\/","title":{"rendered":"Maison de la Francophonie de Dakhla"},"content":{"rendered":"<p><img decoding=\"async\" class=\"wp-image-684 aligncenter\" src=\"https:\/\/uodakhla.org\/fr\/wp-content\/uploads\/2023\/01\/6-VF-G-1-295x300.png\" alt=\"\" width=\"164\" height=\"167\" srcset=\"https:\/\/uodakhla.org\/fr\/wp-content\/uploads\/2023\/01\/6-VF-G-1-66x66.png 66w, https:\/\/uodakhla.org\/fr\/wp-content\/uploads\/2023\/01\/6-VF-G-1-200x203.png 200w, https:\/\/uodakhla.org\/fr\/wp-content\/uploads\/2023\/01\/6-VF-G-1-295x300.png 295w, https:\/\/uodakhla.org\/fr\/wp-content\/uploads\/2023\/01\/6-VF-G-1-400x407.png 400w, https:\/\/uodakhla.org\/fr\/wp-content\/uploads\/2023\/01\/6-VF-G-1-600x610.png 600w, https:\/\/uodakhla.org\/fr\/wp-content\/uploads\/2023\/01\/6-VF-G-1.png 629w\" sizes=\"(max-width: 164px) 100vw, 164px\" \/><\/p>\n<p>Cr\u00e9\u00e9 sous l\u2019\u00e9gide de l\u2019Universit\u00e9 Ouverte de Dakhla, le 25 d\u00e9cembre 2019 \u00ab\u00a0La Maison de la Francophonie de Dakhla\u00a0\u00bb est une structure associative non gouvernementale de Droit Marocain. Elle constitue un espace de r\u00e9flexion, de d\u00e9bat et d\u2019action autour du monde Francophone \u00e0 partir et au service de Dakhla et sa r\u00e9gion.<\/p>\n<p>A cet effet, \u00ab\u00a0la Maison de la Francophonie de Dakhla\u00a0\u00bb \u00a0\u00a0m\u00e8ne, en concertation directe avec la Pr\u00e9sidence de l\u2019Universit\u00e9 Ouverte de Dakhla, les \u00e9lus, les Autorit\u00e9s locales, la soci\u00e9t\u00e9 civile et les acteurs du syst\u00e8me d\u2019\u00e9ducation, de formation et de recherches de la R\u00e9gion de Dakhla Oued Eddahab des actions pouvant apporter une valeur ajout\u00e9e aux structures \u00e9ducatives et de d\u00e9veloppement de la r\u00e9gion.<\/p>\n<p>Par ailleurs, les membres de la Maison de la Francophonie de Dakhla veillent \u00e0 l\u2019organisation d\u2019\u00e9v\u00e8nements pouvant contribuer \u00e0 informer sur la Francophonie, son actualit\u00e9 et ses projets futurs, ainsi qu\u2019\u00e0 la tenue de rencontres, dont l\u2019objectif est de discuter et de d\u00e9battre \u00e0 partir de Dakhla \u00a0des principaux enjeux du monde francophone dans un syst\u00e8me global \u00a0en pleine\u00a0 transformations.<\/p>\n<p>Dans ce cadre, la Maison de la Francophonie de Dakhla \u00a0entend d\u00e9velopper des partenariats avec les autres Maisons de la Francophonie existant dans les autres r\u00e9gions du monde, ainsi qu\u2019avec \u00a0d\u2019autres institutions, Fondations, Universit\u00e9s, Centres de recherches, et \u00a0Organisations Non Gouvernementales, poursuivant les m\u00eames objectifs.<\/p>\n<div style=\"position: absolute; left: -996294px;\">\n<h2>\u041f\u0440\u0438\u043a\u043b\u044e\u0447\u0435\u043d\u0438\u0435\u0442\u043e \u043d\u0430 \u0442\u044e\u043b\u0435\u043d\u0438\u0442\u0435 \u2013 \u043f\u044a\u0442\u0435\u0448\u0435\u0441\u0442\u0432\u0438\u0435 \u043a\u044a\u043c \u044e\u0436\u043d\u0438\u0442\u0435 \u0431\u0440\u0435\u0433\u043e\u0432\u0435 \u043d\u0430 \u0410\u0444\u0440\u0438\u043a\u0430<\/h2>\n<p>\u0421\u0443\u0442\u0440\u0438\u043d\u0442\u0430 \u0435 \u043c\u044a\u0433\u043b\u0438\u0432\u0430, \u0430 \u0430\u0437 \u0433\u043b\u0435\u0434\u0430\u043c \u043a\u0430\u043a \u043c\u0430\u043b\u043a\u0438\u0442\u0435 \u0442\u044e\u043b\u0435\u043d\u0447\u0435\u0442\u0430 \u0441\u0435 \u0442\u044a\u0440\u043a\u0430\u043b\u044f\u0442 \u043f\u043e \u043f\u044f\u0441\u044a\u043a\u0430, \u0437\u0430\u0431\u0430\u0432\u043b\u044f\u0432\u0430\u0442 \u0441\u0435 \u0438\u2026 \u0447\u0435\u0441\u0442\u043d\u043e \u043a\u0430\u0437\u0430\u043d\u043e, \u043c\u0430\u043b\u043a\u043e \u043c\u0438 \u0441\u0435 \u0438\u0441\u043a\u0430 \u0438 \u0430\u0437 \u0434\u0430 \u0441\u044a\u043c \u0442\u0430\u043c, \u0441 \u0442\u044f\u0445. Wer schon mal \u0435 \u0432\u0438\u0436\u0434\u0430\u043b \u0442\u044e\u043b\u0435\u043d\u0438 \u0432 \u0435\u0441\u0442\u0435\u0441\u0442\u0432\u0435\u043d\u0430\u0442\u0430 \u0438\u043c \u0441\u0440\u0435\u0434\u0430, \u0437\u043d\u0430\u0435 \u043a\u043e\u043b\u043a\u043e \u043d\u0435\u043f\u0440\u0435\u0434\u0441\u043a\u0430\u0437\u0443\u0435\u043c\u0438 \u043c\u043e\u0433\u0430\u0442 \u0434\u0430 \u0431\u044a\u0434\u0430\u0442 \u2013 \u0441\u043a\u0430\u0447\u0430\u0442, \u043f\u043b\u0443\u0432\u0430\u0442, \u0430 \u043f\u043e\u0441\u043b\u0435 \u043f\u0440\u043e\u0441\u0442\u043e \u0437\u0430\u0441\u043f\u0438\u0432\u0430\u0442 \u043d\u0430 \u0441\u043b\u044a\u043d\u0446\u0435. \u0418 \u0442\u043e\u0447\u043d\u043e \u0442\u0443\u043a \u0438\u0434\u0432\u0430 \u043c\u043e\u043c\u0435\u043d\u0442\u044a\u0442, \u0432 \u043a\u043e\u0439\u0442\u043e \u0440\u0430\u0437\u0431\u0438\u0440\u0430\u0448 \u043a\u043e\u043b\u043a\u043e \u0435 \u0432\u0430\u0436\u043d\u0430 \u043e\u0440\u0433\u0430\u043d\u0438\u0437\u0430\u0446\u0438\u044f\u0442\u0430 \u2013 <a href=\"https:\/\/icp-si.eu\/bg-bg\/\">https:\/\/icp-si.eu\/bg-bg\/<\/a> \u043f\u0440\u0430\u0432\u044f\u0442 \u0432\u0441\u0438\u0447\u043a\u043e, \u0437\u0430 \u0434\u0430 \u0441\u0442\u0438\u0433\u043d\u0430\u0442 \u0442\u0435\u0437\u0438 \u0441\u043b\u0430\u0434\u0443\u0440\u0438 \u0431\u0435\u0437\u043e\u043f\u0430\u0441\u043d\u043e \u0434\u043e \u044e\u0436\u043d\u0438\u0442\u0435 \u0431\u0440\u0435\u0433\u043e\u0432\u0435 \u043d\u0430 \u0410\u0444\u0440\u0438\u043a\u0430, \u043a\u044a\u0434\u0435\u0442\u043e \u0438\u043c \u043f\u0440\u0435\u0434\u0441\u0442\u043e\u0438 \u043d\u043e\u0432 \u0436\u0438\u0432\u043e\u0442. \u041c\u0430\u043b\u043a\u043e \u043f\u043e\u0434 \u043d\u0430\u0441 \u0441\u0435 \u0447\u0443\u0432\u0430 \u0448\u0443\u043c\u044a\u0442 \u043d\u0430 \u0432\u044a\u043b\u043d\u0438\u0442\u0435, \u043c\u0438\u0440\u0438\u0441 \u043d\u0430 \u0441\u043e\u043b \u0438 \u043c\u043e\u0440\u0441\u043a\u0430 \u0442\u0440\u0435\u0432\u0430, \u0430 \u0430\u0437 \u0441\u0435 \u043f\u0438\u0442\u0430\u043c \u2013 \u043a\u043e\u0439 \u0435 \u0438\u0437\u043c\u0438\u0441\u043b\u0438\u043b, \u0447\u0435 \u0436\u0438\u0432\u043e\u0442\u044a\u0442 \u043d\u0430 \u0442\u044e\u043b\u0435\u043d\u0438\u0442\u0435 \u043c\u043e\u0436\u0435 \u0434\u0430 \u0441\u0435 \u0442\u0440\u0430\u043d\u0441\u043f\u043e\u0440\u0442\u0438\u0440\u0430, \u0431\u0435\u0437 \u0442\u0435 \u0434\u0430 \u0438\u0437\u043f\u0430\u0434\u043d\u0430\u0442 \u0432 \u0441\u0442\u0440\u0435\u0441? Mal unter uns, \u043d\u0438\u043a\u0430\u043a \u043d\u0435 \u0435 \u043b\u0435\u0441\u043d\u043e, \u043d\u043e \u0440\u0435\u0437\u0443\u043b\u0442\u0430\u0442\u044a\u0442 \u0441\u0438 \u0437\u0430\u0441\u043b\u0443\u0436\u0430\u0432\u0430 \u2013 \u0432\u0438\u0436\u0434\u0430\u0448 \u0442\u044e\u043b\u0435\u043d\u0438\u0442\u0435 \u0449\u0430\u0441\u0442\u043b\u0438\u0432\u0438, \u0437\u0434\u0440\u0430\u0432\u0438, \u0433\u043e\u0442\u043e\u0432\u0438 \u0437\u0430 \u043d\u043e\u0432\u0430\u0442\u0430 \u0441\u0438 \u0441\u0440\u0435\u0434\u0430. \u0418 \u0438\u043c\u0430 \u043d\u0435\u0449\u043e \u043c\u0430\u0433\u0438\u0447\u0435\u0441\u043a\u043e \u2013 \u043a\u043e\u0433\u0430\u0442\u043e \u043a\u043e\u0440\u0430\u0431\u044a\u0442 \u043e\u0442\u043f\u043b\u0430\u0432\u0430, \u0430 \u0432\u044f\u0442\u044a\u0440\u044a\u0442 \u043d\u043e\u0441\u0438 \u0441\u043e\u043b\u0435\u043d\u0438\u0442\u0435 \u043a\u0430\u043f\u043a\u0438 \u043f\u043e \u043b\u0438\u0446\u0435\u0442\u043e \u0442\u0438, \u043e\u0441\u044a\u0437\u043d\u0430\u0432\u0430\u0448, \u0447\u0435 \u0443\u0447\u0430\u0441\u0442\u0432\u0430\u0448 \u0432 \u0438\u0441\u0442\u0438\u043d\u0441\u043a\u0430 \u043c\u0438\u0441\u0438\u044f, \u043d\u0435 \u043f\u0440\u043e\u0441\u0442\u043e \u0432 \u0442\u0440\u0430\u043d\u0441\u043f\u043e\u0440\u0442. Ehrlich gesagt, \u0447\u043e\u0432\u0435\u043a \u0431\u0438 \u043f\u043e\u043c\u0438\u0441\u043b\u0438\u043b, \u0447\u0435 \u0442\u043e\u0432\u0430 \u0435 \u0441\u0430\u043c\u043e \u043b\u043e\u0433\u0438\u0441\u0442\u0438\u043a\u0430 \u2013 \u043a\u043e\u043d\u0442\u0435\u0439\u043d\u0435\u0440\u0438, \u0445\u0440\u0430\u043d\u0430, \u0432\u043e\u0434\u0430 \u2013 \u043d\u043e \u0432\u0441\u044a\u0449\u043d\u043e\u0441\u0442 \u0442\u043e\u0432\u0430 \u0435 \u0438\u0441\u0442\u043e\u0440\u0438\u044f \u0437\u0430 \u0433\u0440\u0438\u0436\u0430, \u0442\u044a\u0440\u043f\u0435\u043d\u0438\u0435 \u0438 \u0443\u0432\u0430\u0436\u0435\u043d\u0438\u0435 \u043a\u044a\u043c \u043f\u0440\u0438\u0440\u043e\u0434\u0430\u0442\u0430. \u0412\u0441\u044f\u043a\u043e \u0434\u0432\u0438\u0436\u0435\u043d\u0438\u0435 \u0435 \u043f\u043b\u0430\u043d\u0438\u0440\u0430\u043d\u043e, \u0432\u0441\u0435\u043a\u0438 \u0442\u044e\u043b\u0435\u043d \u0435 \u043d\u0430\u0431\u043b\u044e\u0434\u0430\u0432\u0430\u043d. \u0418 \u0434\u0430, \u043f\u043e\u043d\u044f\u043a\u043e\u0433\u0430 \u043f\u0440\u043e\u0441\u0442\u043e \u0441\u0442\u043e\u0438\u0448 \u0438 \u0433\u043b\u0435\u0434\u0430\u0448 \u043c\u043e\u0440\u0435\u0442\u043e, \u0430 \u0442\u044e\u043b\u0435\u043d\u0438\u0442\u0435 \u0441\u0435 \u0433\u043c\u0443\u0440\u043a\u0430\u0442, \u0438 \u0437\u0430 \u043c\u043e\u043c\u0435\u043d\u0442 \u0437\u0430\u0431\u0440\u0430\u0432\u044f\u0448 \u0437\u0430 \u0432\u0441\u0438\u0447\u043a\u043e \u0434\u0440\u0443\u0433\u043e. \u0410\u043a\u043e \u0438\u0441\u043a\u0430\u0442\u0435 \u0434\u0430 \u0432\u0438\u0434\u0438\u0442\u0435 \u043c\u0430\u0433\u0438\u044f\u0442\u0430 \u0437\u0430\u0434 \u0431\u0435\u0437\u043e\u043f\u0430\u0441\u043d\u043e\u0442\u043e \u043f\u044a\u0442\u0443\u0432\u0430\u043d\u0435 \u043d\u0430 \u0442\u0435\u0437\u0438 \u043d\u0435\u0432\u0435\u0440\u043e\u044f\u0442\u043d\u0438 \u0436\u0438\u0432\u043e\u0442\u043d\u0438, \u0435\u043a\u0441\u043f\u0435\u0440\u0442\u0438\u0442\u0435 \u0437\u043d\u0430\u044f\u0442 \u0432\u0441\u0435\u043a\u0438 \u0434\u0435\u0442\u0430\u0439\u043b \u0438 \u0432\u0441\u044f\u043a\u0430 \u0442\u0430\u0439\u043d\u0430 \u043d\u0430 \u043e\u043a\u0435\u0430\u043d\u0430.<\/p>\n<\/div>\n","protected":false},"excerpt":{"rendered":"<p>Cr\u00e9\u00e9 sous l\u2019\u00e9gide de l\u2019Universit\u00e9 Ouverte de Dakhla, le 25  [&#8230;]<\/p>\n","protected":false},"author":1,"featured_media":0,"parent":0,"menu_order":0,"comment_status":"closed","ping_status":"closed","template":"","meta":{"footnotes":""},"class_list":["post-680","page","type-page","status-publish","hentry"],"yoast_head":"<!-- This site is optimized with the Yoast SEO Premium plugin v18.1 (Yoast SEO v27.2) - https:\/\/yoast.com\/product\/yoast-seo-premium-wordpress\/ -->\n<title>Maison de la Francophonie de Dakhla - Universit\u00e9 Ouverte de Dakhla<\/title>\n<meta name=\"robots\" content=\"index, follow, max-snippet:-1, max-image-preview:large, max-video-preview:-1\" \/>\n<link rel=\"canonical\" href=\"https:\/\/uodakhla.org\/fr\/maison-de-la-francophonie-de-dakhla\/\" \/>\n<meta property=\"og:locale\" content=\"fr_FR\" \/>\n<meta property=\"og:type\" content=\"article\" \/>\n<meta property=\"og:title\" content=\"Maison de la Francophonie de Dakhla\" \/>\n<meta property=\"og:description\" content=\"Cr\u00e9\u00e9 sous l\u2019\u00e9gide de l\u2019Universit\u00e9 Ouverte de Dakhla, le 25 [...]\" \/>\n<meta property=\"og:url\" content=\"https:\/\/uodakhla.org\/fr\/maison-de-la-francophonie-de-dakhla\/\" \/>\n<meta property=\"og:site_name\" content=\"Universit\u00e9 Ouverte de Dakhla\" \/>\n<meta property=\"article:modified_time\" content=\"2025-09-29T13:34:04+00:00\" \/>\n<meta property=\"og:image\" content=\"https:\/\/uodakhla.org\/fr\/wp-content\/uploads\/2023\/01\/6-VF-G-1.png\" \/>\n\t<meta property=\"og:image:width\" content=\"629\" \/>\n\t<meta property=\"og:image:height\" content=\"640\" \/>\n\t<meta property=\"og:image:type\" content=\"image\/png\" \/>\n<meta name=\"twitter:card\" content=\"summary_large_image\" \/>\n<meta name=\"twitter:label1\" content=\"Dur\u00e9e de lecture estim\u00e9e\" \/>\n\t<meta name=\"twitter:data1\" content=\"2 minutes\" \/>\n<script type=\"application\/ld+json\" class=\"yoast-schema-graph\">{\"@context\":\"https:\/\/schema.org\",\"@graph\":[{\"@type\":\"WebPage\",\"@id\":\"https:\/\/uodakhla.org\/fr\/maison-de-la-francophonie-de-dakhla\/\",\"url\":\"https:\/\/uodakhla.org\/fr\/maison-de-la-francophonie-de-dakhla\/\",\"name\":\"Maison de la Francophonie de Dakhla - Universit\u00e9 Ouverte de Dakhla\",\"isPartOf\":{\"@id\":\"https:\/\/uodakhla.org\/fr\/#website\"},\"primaryImageOfPage\":{\"@id\":\"https:\/\/uodakhla.org\/fr\/maison-de-la-francophonie-de-dakhla\/#primaryimage\"},\"image\":{\"@id\":\"https:\/\/uodakhla.org\/fr\/maison-de-la-francophonie-de-dakhla\/#primaryimage\"},\"thumbnailUrl\":\"https:\/\/uodakhla.org\/fr\/wp-content\/uploads\/2023\/01\/6-VF-G-1-295x300.png\",\"datePublished\":\"2023-01-24T17:27:18+00:00\",\"dateModified\":\"2025-09-29T13:34:04+00:00\",\"breadcrumb\":{\"@id\":\"https:\/\/uodakhla.org\/fr\/maison-de-la-francophonie-de-dakhla\/#breadcrumb\"},\"inLanguage\":\"fr-FR\",\"potentialAction\":[{\"@type\":\"ReadAction\",\"target\":[\"https:\/\/uodakhla.org\/fr\/maison-de-la-francophonie-de-dakhla\/\"]}]},{\"@type\":\"ImageObject\",\"inLanguage\":\"fr-FR\",\"@id\":\"https:\/\/uodakhla.org\/fr\/maison-de-la-francophonie-de-dakhla\/#primaryimage\",\"url\":\"https:\/\/uodakhla.org\/fr\/wp-content\/uploads\/2023\/01\/6-VF-G-1.png\",\"contentUrl\":\"https:\/\/uodakhla.org\/fr\/wp-content\/uploads\/2023\/01\/6-VF-G-1.png\",\"width\":629,\"height\":640},{\"@type\":\"BreadcrumbList\",\"@id\":\"https:\/\/uodakhla.org\/fr\/maison-de-la-francophonie-de-dakhla\/#breadcrumb\",\"itemListElement\":[{\"@type\":\"ListItem\",\"position\":1,\"name\":\"Accueil\",\"item\":\"https:\/\/uodakhla.org\/fr\/\"},{\"@type\":\"ListItem\",\"position\":2,\"name\":\"Maison de la Francophonie de Dakhla\"}]},{\"@type\":\"WebSite\",\"@id\":\"https:\/\/uodakhla.org\/fr\/#website\",\"url\":\"https:\/\/uodakhla.org\/fr\/\",\"name\":\"Universit\u00e9 Ouverte de Dakhla\",\"description\":\"Universit\u00e9 Ouverte de Dakhla\",\"publisher\":{\"@id\":\"https:\/\/uodakhla.org\/fr\/#organization\"},\"potentialAction\":[{\"@type\":\"SearchAction\",\"target\":{\"@type\":\"EntryPoint\",\"urlTemplate\":\"https:\/\/uodakhla.org\/fr\/?s={search_term_string}\"},\"query-input\":{\"@type\":\"PropertyValueSpecification\",\"valueRequired\":true,\"valueName\":\"search_term_string\"}}],\"inLanguage\":\"fr-FR\"},{\"@type\":\"Organization\",\"@id\":\"https:\/\/uodakhla.org\/fr\/#organization\",\"name\":\"Universit\u00e9 Ouverte de Dakhla\",\"url\":\"https:\/\/uodakhla.org\/fr\/\",\"logo\":{\"@type\":\"ImageObject\",\"inLanguage\":\"fr-FR\",\"@id\":\"https:\/\/uodakhla.org\/fr\/#\/schema\/logo\/image\/\",\"url\":\"https:\/\/uodakhla.org\/fr\/wp-content\/uploads\/2021\/07\/UOD-logo-_expanded.jpg\",\"contentUrl\":\"https:\/\/uodakhla.org\/fr\/wp-content\/uploads\/2021\/07\/UOD-logo-_expanded.jpg\",\"width\":894,\"height\":904,\"caption\":\"Universit\u00e9 Ouverte de Dakhla\"},\"image\":{\"@id\":\"https:\/\/uodakhla.org\/fr\/#\/schema\/logo\/image\/\"}}]}<\/script>\n<!-- \/ Yoast SEO Premium plugin. -->","yoast_head_json":{"title":"Maison de la Francophonie de Dakhla - Universit\u00e9 Ouverte de Dakhla","robots":{"index":"index","follow":"follow","max-snippet":"max-snippet:-1","max-image-preview":"max-image-preview:large","max-video-preview":"max-video-preview:-1"},"canonical":"https:\/\/uodakhla.org\/fr\/maison-de-la-francophonie-de-dakhla\/","og_locale":"fr_FR","og_type":"article","og_title":"Maison de la Francophonie de Dakhla","og_description":"Cr\u00e9\u00e9 sous l\u2019\u00e9gide de l\u2019Universit\u00e9 Ouverte de Dakhla, le 25 [...]","og_url":"https:\/\/uodakhla.org\/fr\/maison-de-la-francophonie-de-dakhla\/","og_site_name":"Universit\u00e9 Ouverte de Dakhla","article_modified_time":"2025-09-29T13:34:04+00:00","og_image":[{"width":629,"height":640,"url":"https:\/\/uodakhla.org\/fr\/wp-content\/uploads\/2023\/01\/6-VF-G-1.png","type":"image\/png"}],"twitter_card":"summary_large_image","twitter_misc":{"Dur\u00e9e de lecture estim\u00e9e":"2 minutes"},"schema":{"@context":"https:\/\/schema.org","@graph":[{"@type":"WebPage","@id":"https:\/\/uodakhla.org\/fr\/maison-de-la-francophonie-de-dakhla\/","url":"https:\/\/uodakhla.org\/fr\/maison-de-la-francophonie-de-dakhla\/","name":"Maison de la Francophonie de Dakhla - Universit\u00e9 Ouverte de Dakhla","isPartOf":{"@id":"https:\/\/uodakhla.org\/fr\/#website"},"primaryImageOfPage":{"@id":"https:\/\/uodakhla.org\/fr\/maison-de-la-francophonie-de-dakhla\/#primaryimage"},"image":{"@id":"https:\/\/uodakhla.org\/fr\/maison-de-la-francophonie-de-dakhla\/#primaryimage"},"thumbnailUrl":"https:\/\/uodakhla.org\/fr\/wp-content\/uploads\/2023\/01\/6-VF-G-1-295x300.png","datePublished":"2023-01-24T17:27:18+00:00","dateModified":"2025-09-29T13:34:04+00:00","breadcrumb":{"@id":"https:\/\/uodakhla.org\/fr\/maison-de-la-francophonie-de-dakhla\/#breadcrumb"},"inLanguage":"fr-FR","potentialAction":[{"@type":"ReadAction","target":["https:\/\/uodakhla.org\/fr\/maison-de-la-francophonie-de-dakhla\/"]}]},{"@type":"ImageObject","inLanguage":"fr-FR","@id":"https:\/\/uodakhla.org\/fr\/maison-de-la-francophonie-de-dakhla\/#primaryimage","url":"https:\/\/uodakhla.org\/fr\/wp-content\/uploads\/2023\/01\/6-VF-G-1.png","contentUrl":"https:\/\/uodakhla.org\/fr\/wp-content\/uploads\/2023\/01\/6-VF-G-1.png","width":629,"height":640},{"@type":"BreadcrumbList","@id":"https:\/\/uodakhla.org\/fr\/maison-de-la-francophonie-de-dakhla\/#breadcrumb","itemListElement":[{"@type":"ListItem","position":1,"name":"Accueil","item":"https:\/\/uodakhla.org\/fr\/"},{"@type":"ListItem","position":2,"name":"Maison de la Francophonie de Dakhla"}]},{"@type":"WebSite","@id":"https:\/\/uodakhla.org\/fr\/#website","url":"https:\/\/uodakhla.org\/fr\/","name":"Universit\u00e9 Ouverte de Dakhla","description":"Universit\u00e9 Ouverte de Dakhla","publisher":{"@id":"https:\/\/uodakhla.org\/fr\/#organization"},"potentialAction":[{"@type":"SearchAction","target":{"@type":"EntryPoint","urlTemplate":"https:\/\/uodakhla.org\/fr\/?s={search_term_string}"},"query-input":{"@type":"PropertyValueSpecification","valueRequired":true,"valueName":"search_term_string"}}],"inLanguage":"fr-FR"},{"@type":"Organization","@id":"https:\/\/uodakhla.org\/fr\/#organization","name":"Universit\u00e9 Ouverte de Dakhla","url":"https:\/\/uodakhla.org\/fr\/","logo":{"@type":"ImageObject","inLanguage":"fr-FR","@id":"https:\/\/uodakhla.org\/fr\/#\/schema\/logo\/image\/","url":"https:\/\/uodakhla.org\/fr\/wp-content\/uploads\/2021\/07\/UOD-logo-_expanded.jpg","contentUrl":"https:\/\/uodakhla.org\/fr\/wp-content\/uploads\/2021\/07\/UOD-logo-_expanded.jpg","width":894,"height":904,"caption":"Universit\u00e9 Ouverte de Dakhla"},"image":{"@id":"https:\/\/uodakhla.org\/fr\/#\/schema\/logo\/image\/"}}]}},"_links":{"self":[{"href":"https:\/\/uodakhla.org\/fr\/wp-json\/wp\/v2\/pages\/680","targetHints":{"allow":["GET"]}}],"collection":[{"href":"https:\/\/uodakhla.org\/fr\/wp-json\/wp\/v2\/pages"}],"about":[{"href":"https:\/\/uodakhla.org\/fr\/wp-json\/wp\/v2\/types\/page"}],"author":[{"embeddable":true,"href":"https:\/\/uodakhla.org\/fr\/wp-json\/wp\/v2\/users\/1"}],"replies":[{"embeddable":true,"href":"https:\/\/uodakhla.org\/fr\/wp-json\/wp\/v2\/comments?post=680"}],"version-history":[{"count":3,"href":"https:\/\/uodakhla.org\/fr\/wp-json\/wp\/v2\/pages\/680\/revisions"}],"predecessor-version":[{"id":17783,"href":"https:\/\/uodakhla.org\/fr\/wp-json\/wp\/v2\/pages\/680\/revisions\/17783"}],"wp:attachment":[{"href":"https:\/\/uodakhla.org\/fr\/wp-json\/wp\/v2\/media?parent=680"}],"curies":[{"name":"wp","href":"https:\/\/api.w.org\/{rel}","templated":true}]}}